{"id":155,"date":"2014-09-16T23:48:16","date_gmt":"2014-09-16T21:48:16","guid":{"rendered":"http:\/\/cppaderborn.educacion.navarra.es\/web\/?page_id=155"},"modified":"2023-07-09T22:39:35","modified_gmt":"2023-07-09T20:39:35","slug":"comedor","status":"publish","type":"page","link":"https:\/\/cppaderborn.educacion.navarra.es\/web\/comedor\/","title":{"rendered":"Comedor"},"content":{"rendered":"\t\t<div data-elementor-type=\"wp-page\" data-elementor-id=\"155\" class=\"elementor elementor-155\" data-elementor-post-type=\"page\">\n\t\t\t\t\t\t\t\t\t<section class=\"elementor-section elementor-top-section elementor-element elementor-element-3024ac6 elementor-section-full_width elementor-section-height-default elementor-section-height-default\" data-id=\"3024ac6\" data-element_type=\"section\">\n\t\t\t\t\t\t<div class=\"elementor-container elementor-column-gap-default\">\n\t\t\t\t\t<div class=\"elementor-column elementor-col-100 elementor-top-column elementor-element elementor-element-1b8c752\" data-id=\"1b8c752\" data-element_type=\"column\">\n\t\t\t<div class=\"elementor-widget-wrap elementor-element-populated\">\n\t\t\t\t\t\t\t\t<div class=\"elementor-element elementor-element-508b553 elementor-widget elementor-widget-template\" data-id=\"508b553\" data-element_type=\"widget\" data-widget_type=\"template.default\">\n\t\t\t\t<div class=\"elementor-widget-container\">\n\t\t\t\t\t<div class=\"elementor-template\">\n\t\t\t\t\t<div data-elementor-type=\"section\" data-elementor-id=\"5467\" class=\"elementor elementor-5467\" data-elementor-post-type=\"elementor_library\">\n\t\t\t\t\t\t\t\t<section class=\"elementor-section elementor-top-section elementor-element elementor-element-86e4351 elementor-section-full_width elementor-section-height-min-height elementor-section-height-default elementor-section-items-middle\" data-id=\"86e4351\" data-element_type=\"section\">\n\t\t\t\t\t\t\t<div class=\"elementor-background-overlay\"><\/div>\n\t\t\t\t\t\t\t<div class=\"elementor-container elementor-column-gap-default\">\n\t\t\t\t\t<div class=\"elementor-column elementor-col-100 elementor-top-column elementor-element elementor-element-49cdddb8\" data-id=\"49cdddb8\" data-element_type=\"column\">\n\t\t\t<div class=\"elementor-widget-wrap elementor-element-populated\">\n\t\t\t\t\t\t\t\t<div class=\"elementor-element elementor-element-621fd979 elementor-widget elementor-widget-heading\" data-id=\"621fd979\" data-element_type=\"widget\" data-widget_type=\"heading.default\">\n\t\t\t\t<div class=\"elementor-widget-container\">\n\t\t\t<h2 class=\"elementor-heading-title elementor-size-xl\">Familias<\/h2>\t\t<\/div>\n\t\t\t\t<\/div>\n\t\t\t\t\t<\/div>\n\t\t<\/div>\n\t\t\t\t\t\t\t<\/div>\n\t\t<\/section>\n\t\t\t\t\t\t<\/div>\n\t\t\t\t<\/div>\n\t\t\t\t<\/div>\n\t\t\t\t<\/div>\n\t\t\t\t\t<\/div>\n\t\t<\/div>\n\t\t\t\t\t\t\t<\/div>\n\t\t<\/section>\n\t\t\t\t<section class=\"elementor-section elementor-top-section elementor-element elementor-element-36706ca elementor-section-boxed elementor-section-height-default elementor-section-height-default\" data-id=\"36706ca\" data-element_type=\"section\">\n\t\t\t\t\t\t<div class=\"elementor-container elementor-column-gap-default\">\n\t\t\t\t\t<div class=\"elementor-column elementor-col-100 elementor-top-column elementor-element elementor-element-ffa0f69\" data-id=\"ffa0f69\" data-element_type=\"column\">\n\t\t\t<div class=\"elementor-widget-wrap elementor-element-populated\">\n\t\t\t\t\t\t\t\t<div class=\"elementor-element elementor-element-3140756 elementor-widget elementor-widget-spacer\" data-id=\"3140756\" data-element_type=\"widget\" data-widget_type=\"spacer.default\">\n\t\t\t\t<div class=\"elementor-widget-container\">\n\t\t\t\t\t<div class=\"elementor-spacer\">\n\t\t\t<div class=\"elementor-spacer-inner\"><\/div>\n\t\t<\/div>\n\t\t\t\t<\/div>\n\t\t\t\t<\/div>\n\t\t\t\t<div class=\"elementor-element elementor-element-d17c89b elementor-widget elementor-widget-heading\" data-id=\"d17c89b\" data-element_type=\"widget\" data-widget_type=\"heading.default\">\n\t\t\t\t<div class=\"elementor-widget-container\">\n\t\t\t<h2 class=\"elementor-heading-title elementor-size-large\">Comedor escolar<\/h2>\t\t<\/div>\n\t\t\t\t<\/div>\n\t\t\t\t\t<\/div>\n\t\t<\/div>\n\t\t\t\t\t\t\t<\/div>\n\t\t<\/section>\n\t\t\t\t<section class=\"elementor-section elementor-top-section elementor-element elementor-element-78c353b9 elementor-section-boxed elementor-section-height-default elementor-section-height-default\" data-id=\"78c353b9\" data-element_type=\"section\">\n\t\t\t\t\t\t<div class=\"elementor-container elementor-column-gap-default\">\n\t\t\t\t\t<div class=\"elementor-column elementor-col-100 elementor-top-column elementor-element elementor-element-63598fcb\" data-id=\"63598fcb\" data-element_type=\"column\">\n\t\t\t<div class=\"elementor-widget-wrap elementor-element-populated\">\n\t\t\t\t\t\t\t\t<div class=\"elementor-element elementor-element-345ae369 elementor-widget elementor-widget-text-editor\" data-id=\"345ae369\" data-element_type=\"widget\" data-widget_type=\"text-editor.default\">\n\t\t\t\t<div class=\"elementor-widget-container\">\n\t\t\t\t\t\t\t<p><strong><a href=\"https:\/\/cppaderborn.educacion.navarra.es\/web\/wp-content\/uploads\/2014\/09\/comedor.jpg\"><img decoding=\"async\" class=\"size-full wp-image-866 alignleft\" src=\"https:\/\/cppaderborn.educacion.navarra.es\/web\/wp-content\/uploads\/2014\/09\/comedor.jpg\" alt=\"comedor\" width=\"317\" height=\"149\" srcset=\"https:\/\/cppaderborn.educacion.navarra.es\/web\/wp-content\/uploads\/2014\/09\/comedor.jpg 317w, https:\/\/cppaderborn.educacion.navarra.es\/web\/wp-content\/uploads\/2014\/09\/comedor-300x141.jpg 300w\" sizes=\"(max-width: 317px) 100vw, 317px\" \/><\/a><\/strong><\/p><p><span style=\"font-family: arial, sans-serif;\">El servicio de comedor escolar lo gestiona la APYMA de nuestro colegio. <a href=\"https:\/\/www.apymapaderborn.com\/comedor-y-guarderia-matinal\/\" target=\"_blank\" rel=\"noopener\">Aqu\u00ed tienen toda la informaci\u00f3n al respecto.<\/a><\/span><\/p><p><span style=\"font-family: arial, sans-serif;\">La consulta de los men\u00fas del comedor as\u00ed como de las dietas especiales podr\u00e1 realizarse accediendo de modo digital a trav\u00e9s de nuestra plataforma.<\/span><\/p><div><span style=\"font-size: inherit; font-family: arial, sans-serif;\">Para la consulta de men\u00fas se puede acceder desde nuestra p\u00e1gina de Ausolan Menuak (<a href=\"https:\/\/menuak.ausolan.com\/\" target=\"_blank\" rel=\"noopener noreferrer\" data-saferedirecturl=\"https:\/\/www.google.com\/url?q=https:\/\/menuak.ausolan.com\/&amp;source=gmail&amp;ust=1602161215133000&amp;usg=AFQjCNH1W-oCDBi_6qUi3gYKtIBs9s18Hw\">https:\/\/menuak.ausolan.com\/<\/a>\u00a0) y se deber\u00e1 introducir el nombre del centro que est\u00e1 denominado como\u00a0<\/span><b style=\"font-size: inherit;\">C.P. PADERBORN &#8211; LEZKAIRU <\/b><span style=\"font-size: inherit; font-family: arial, sans-serif;\">de ah\u00ed solicitar\u00e1 una contrase\u00f1a que es\u00a0<\/span><span style=\"font-size: inherit;\">\u00a0<\/span><b style=\"font-size: inherit;\">004146-0001<\/b><span style=\"font-size: inherit;\">\u00a0<\/span><span style=\"font-size: inherit; font-family: arial, sans-serif;\">y podr\u00e9is acceder\u00a0tanto a la consulta de men\u00fas como de dietas especiales.\u00a0<\/span><\/div><div><div><span style=\"font-family: arial, sans-serif;\">\u00a0<\/span><\/div><div><div><span style=\"font-family: arial, sans-serif;\">Por otro lado, est\u00e1 el enlace que es la siguiente:<\/span><\/div><div><span style=\"font-family: arial, sans-serif;\">\u00a0<\/span><\/div><div><a href=\"https:\/\/menuak.ausolan.com\/?idcentro=515&amp;contrasena=004146-0001\" target=\"_blank\" rel=\"noopener noreferrer\" data-saferedirecturl=\"https:\/\/www.google.com\/url?q=https:\/\/menuak.ausolan.com\/?idcentro%3D515%26contrasena%3D004146-0001&amp;source=gmail&amp;ust=1602161215133000&amp;usg=AFQjCNE3fk_yQ2AehE2AToJUtoNt1mQL1g\">https:\/\/menuak.ausolan.com\/?<wbr \/>idcentro=515&amp;contrasena=<wbr \/>004146-0001<\/a><\/div><\/div><div>\u00a0<\/div><div><div><span style=\"font-family: arial, sans-serif;\">este es el c\u00f3digo URL, desde este enlace se accede directamente a la consulta de men\u00fas sin necesidad de contrase\u00f1as.<\/span><\/div><\/div><\/div><p><a href=\"https:\/\/cppaderborn.educacion.navarra.es\/web\/wp-content\/uploads\/2020\/10\/image.png\"><img fetchpriority=\"high\" decoding=\"async\" class=\"alignnone wp-image-2441 size-large\" src=\"https:\/\/cppaderborn.educacion.navarra.es\/web\/wp-content\/uploads\/2020\/10\/image-1024x1024.png\" alt=\"\" width=\"1024\" height=\"1024\" srcset=\"https:\/\/cppaderborn.educacion.navarra.es\/web\/wp-content\/uploads\/2020\/10\/image-1024x1024.png 1024w, https:\/\/cppaderborn.educacion.navarra.es\/web\/wp-content\/uploads\/2020\/10\/image-300x300.png 300w, https:\/\/cppaderborn.educacion.navarra.es\/web\/wp-content\/uploads\/2020\/10\/image-150x150.png 150w, https:\/\/cppaderborn.educacion.navarra.es\/web\/wp-content\/uploads\/2020\/10\/image-768x768.png 768w, https:\/\/cppaderborn.educacion.navarra.es\/web\/wp-content\/uploads\/2020\/10\/image-1536x1536.png 1536w, https:\/\/cppaderborn.educacion.navarra.es\/web\/wp-content\/uploads\/2020\/10\/image-2048x2048.png 2048w\" sizes=\"(max-width: 1024px) 100vw, 1024px\" \/><\/a><\/p>\t\t\t\t\t\t<\/div>\n\t\t\t\t<\/div>\n\t\t\t\t<div class=\"elementor-element elementor-element-c371ed2 elementor-widget elementor-widget-spacer\" data-id=\"c371ed2\" data-element_type=\"widget\" data-widget_type=\"spacer.default\">\n\t\t\t\t<div class=\"elementor-widget-container\">\n\t\t\t\t\t<div class=\"elementor-spacer\">\n\t\t\t<div class=\"elementor-spacer-inner\"><\/div>\n\t\t<\/div>\n\t\t\t\t<\/div>\n\t\t\t\t<\/div>\n\t\t\t\t\t<\/div>\n\t\t<\/div>\n\t\t\t\t\t\t\t<\/div>\n\t\t<\/section>\n\t\t\t\t\t\t\t<\/div>\n\t\t","protected":false},"excerpt":{"rendered":"<p>Comedor escolar El servicio de comedor escolar lo gestiona la APYMA de nuestro colegio. Aqu\u00ed tienen toda la informaci\u00f3n al respecto. La consulta de los men\u00fas del comedor as\u00ed como de las dietas especiales podr\u00e1 realizarse accediendo de modo digital a trav\u00e9s de nuestra plataforma. Para la consulta de men\u00fas se puede acceder desde nuestra [&hellip;]<\/p>\n","protected":false},"author":1,"featured_media":0,"parent":0,"menu_order":0,"comment_status":"open","ping_status":"open","template":"elementor_header_footer","meta":{"_genesis_hide_title":false,"_genesis_hide_breadcrumbs":false,"_genesis_hide_singular_image":false,"_genesis_hide_footer_widgets":false,"_genesis_custom_body_class":"","_genesis_custom_post_class":"","_genesis_layout":"","jetpack_post_was_ever_published":false,"footnotes":""},"jetpack_sharing_enabled":false,"jetpack_likes_enabled":false,"_links":{"self":[{"href":"https:\/\/cppaderborn.educacion.navarra.es\/web\/wp-json\/wp\/v2\/pages\/155"}],"collection":[{"href":"https:\/\/cppaderborn.educacion.navarra.es\/web\/wp-json\/wp\/v2\/pages"}],"about":[{"href":"https:\/\/cppaderborn.educacion.navarra.es\/web\/wp-json\/wp\/v2\/types\/page"}],"author":[{"embeddable":true,"href":"https:\/\/cppaderborn.educacion.navarra.es\/web\/wp-json\/wp\/v2\/users\/1"}],"replies":[{"embeddable":true,"href":"https:\/\/cppaderborn.educacion.navarra.es\/web\/wp-json\/wp\/v2\/comments?post=155"}],"version-history":[{"count":29,"href":"https:\/\/cppaderborn.educacion.navarra.es\/web\/wp-json\/wp\/v2\/pages\/155\/revisions"}],"predecessor-version":[{"id":5505,"href":"https:\/\/cppaderborn.educacion.navarra.es\/web\/wp-json\/wp\/v2\/pages\/155\/revisions\/5505"}],"wp:attachment":[{"href":"https:\/\/cppaderborn.educacion.navarra.es\/web\/wp-json\/wp\/v2\/media?parent=155"}],"curies":[{"name":"wp","href":"https:\/\/api.w.org\/{rel}","templated":true}]}}