{"id":2334,"date":"2020-09-06T19:50:07","date_gmt":"2020-09-06T17:50:07","guid":{"rendered":"http:\/\/cppaderborn.educacion.navarra.es\/web\/?page_id=2334"},"modified":"2023-07-09T22:33:02","modified_gmt":"2023-07-09T20:33:02","slug":"actualizacion-de-datos-de-educa","status":"publish","type":"page","link":"https:\/\/cppaderborn.educacion.navarra.es\/web\/actualizacion-de-datos-de-educa\/","title":{"rendered":"Actualizaci\u00f3n de datos de Educa s\u00f3lo para la comunidad educativa del CPEIP Paderborn"},"content":{"rendered":"\t\t<div data-elementor-type=\"wp-page\" data-elementor-id=\"2334\" class=\"elementor elementor-2334\" data-elementor-post-type=\"page\">\n\t\t\t\t\t\t\t\t\t<section class=\"elementor-section elementor-top-section elementor-element elementor-element-5a47eff elementor-section-full_width elementor-section-height-default elementor-section-height-default\" data-id=\"5a47eff\" data-element_type=\"section\">\n\t\t\t\t\t\t<div class=\"elementor-container elementor-column-gap-default\">\n\t\t\t\t\t<div class=\"elementor-column elementor-col-100 elementor-top-column elementor-element elementor-element-23f87c3\" data-id=\"23f87c3\" data-element_type=\"column\">\n\t\t\t<div class=\"elementor-widget-wrap elementor-element-populated\">\n\t\t\t\t\t\t\t\t<div class=\"elementor-element elementor-element-1280a0f elementor-widget elementor-widget-template\" data-id=\"1280a0f\" data-element_type=\"widget\" data-widget_type=\"template.default\">\n\t\t\t\t<div class=\"elementor-widget-container\">\n\t\t\t\t\t<div class=\"elementor-template\">\n\t\t\t\t\t<div data-elementor-type=\"section\" data-elementor-id=\"5473\" class=\"elementor elementor-5473\" data-elementor-post-type=\"elementor_library\">\n\t\t\t\t\t\t\t\t<section class=\"elementor-section elementor-top-section elementor-element elementor-element-467db394 elementor-section-full_width elementor-section-height-min-height elementor-section-height-default elementor-section-items-middle\" data-id=\"467db394\" data-element_type=\"section\">\n\t\t\t\t\t\t\t<div class=\"elementor-background-overlay\"><\/div>\n\t\t\t\t\t\t\t<div class=\"elementor-container elementor-column-gap-default\">\n\t\t\t\t\t<div class=\"elementor-column elementor-col-100 elementor-top-column elementor-element elementor-element-133eea1d\" data-id=\"133eea1d\" data-element_type=\"column\">\n\t\t\t<div class=\"elementor-widget-wrap elementor-element-populated\">\n\t\t\t\t\t\t\t\t<div class=\"elementor-element elementor-element-4147a121 elementor-widget elementor-widget-heading\" data-id=\"4147a121\" data-element_type=\"widget\" data-widget_type=\"heading.default\">\n\t\t\t\t<div class=\"elementor-widget-container\">\n\t\t\t<h2 class=\"elementor-heading-title elementor-size-xl\">Contactar<\/h2>\t\t<\/div>\n\t\t\t\t<\/div>\n\t\t\t\t\t<\/div>\n\t\t<\/div>\n\t\t\t\t\t\t\t<\/div>\n\t\t<\/section>\n\t\t\t\t\t\t<\/div>\n\t\t\t\t<\/div>\n\t\t\t\t<\/div>\n\t\t\t\t<\/div>\n\t\t\t\t\t<\/div>\n\t\t<\/div>\n\t\t\t\t\t\t\t<\/div>\n\t\t<\/section>\n\t\t\t\t<section class=\"elementor-section elementor-top-section elementor-element elementor-element-e5c9bf8 elementor-section-boxed elementor-section-height-default elementor-section-height-default\" data-id=\"e5c9bf8\" data-element_type=\"section\">\n\t\t\t\t\t\t<div class=\"elementor-container elementor-column-gap-default\">\n\t\t\t\t\t<div class=\"elementor-column elementor-col-100 elementor-top-column elementor-element elementor-element-4c1c1a5\" data-id=\"4c1c1a5\" data-element_type=\"column\">\n\t\t\t<div class=\"elementor-widget-wrap elementor-element-populated\">\n\t\t\t\t\t\t\t\t<div class=\"elementor-element elementor-element-1489671 elementor-widget elementor-widget-spacer\" data-id=\"1489671\" data-element_type=\"widget\" data-widget_type=\"spacer.default\">\n\t\t\t\t<div class=\"elementor-widget-container\">\n\t\t\t\t\t<div class=\"elementor-spacer\">\n\t\t\t<div class=\"elementor-spacer-inner\"><\/div>\n\t\t<\/div>\n\t\t\t\t<\/div>\n\t\t\t\t<\/div>\n\t\t\t\t<div class=\"elementor-element elementor-element-d7a6611 elementor-widget elementor-widget-heading\" data-id=\"d7a6611\" data-element_type=\"widget\" data-widget_type=\"heading.default\">\n\t\t\t\t<div class=\"elementor-widget-container\">\n\t\t\t<h2 class=\"elementor-heading-title elementor-size-large\">Actualizaci\u00f3n de datos de Educa s\u00f3lo para la comunidad educativa del CPEIP Paderborn-Lezkairu<\/h2>\t\t<\/div>\n\t\t\t\t<\/div>\n\t\t\t\t\t<\/div>\n\t\t<\/div>\n\t\t\t\t\t\t\t<\/div>\n\t\t<\/section>\n\t\t\t\t<section class=\"elementor-section elementor-top-section elementor-element elementor-element-4202078d elementor-section-boxed elementor-section-height-default elementor-section-height-default\" data-id=\"4202078d\" data-element_type=\"section\">\n\t\t\t\t\t\t<div class=\"elementor-container elementor-column-gap-default\">\n\t\t\t\t\t<div class=\"elementor-column elementor-col-100 elementor-top-column elementor-element elementor-element-2b8084b4\" data-id=\"2b8084b4\" data-element_type=\"column\">\n\t\t\t<div class=\"elementor-widget-wrap elementor-element-populated\">\n\t\t\t\t\t\t\t\t<div class=\"elementor-element elementor-element-4e7ca3c elementor-widget elementor-widget-text-editor\" data-id=\"4e7ca3c\" data-element_type=\"widget\" data-widget_type=\"text-editor.default\">\n\t\t\t\t<div class=\"elementor-widget-container\">\n\t\t\t\t\t\t\t<!-- wp:paragraph -->\n<p><a href=\"https:\/\/educa.navarra.es\/\">Educa <\/a>es el sistema inform\u00e1tico del Departamento de Educaci\u00f3n para la gesti\u00f3n de la informaci\u00f3n escolar. Sirve para facilitar la gesti\u00f3n, administraci\u00f3n y comunicaci\u00f3n entre los diferentes participantes en el proceso educativo: profesorado, familias, alumnado, centro educativo y unidades t\u00e9cnicas del Departamento de Educaci\u00f3n. <\/p>\n<!-- \/wp:paragraph -->\n\n<!-- wp:paragraph -->\n<p>Gracias a <a href=\"https:\/\/educa.navarra.es\/\" target=\"_blank\" rel=\"noreferrer noopener\">Educa Familias<\/a> \u00e9stas pueden estar al tanto de la vida acad\u00e9mica de sus hijos e hijas (calificaciones, asistencia, incidencias&#8230;), recibir notificaciones de sus maestros y maestras y del equipo directivo, etc.<\/p>\n<!-- \/wp:paragraph -->\n\n<!-- wp:paragraph -->\n<p><strong>Tener los datos de contacto (tel\u00e9fono y correo electr\u00f3nico) actualizados en el <a rel=\"noreferrer noopener\" href=\"https:\/\/educa.navarra.es\/\" target=\"_blank\">Educa<\/a><a rel=\"noreferrer noopener\" aria-label=\"Educa  (opens in a new tab)\" href=\"https:\/\/educa.navarra.es\/familias\/\" target=\"_blank\"> <\/a>es fundamental. De otra forma, no tenemos posibilidad de contactar con las familias y, sobre todo, con nuestro alumnado.<\/strong> Hemos creado el siguiente formulario para que las <strong>familias del colegio Paderborn<\/strong> notifiqu\u00e9is cualquier modificaci\u00f3n de tel\u00e9fono o correo electr\u00f3nico:<\/p>\n<!-- \/wp:paragraph -->\n\n<!-- wp:paragraph -->\n<p><strong><font color=\"red\">IMPORTANTE: Este formulario es s\u00f3lo para familias del colegio Paderborn-Lezkairu. Gracias<\/font><\/strong><\/p>\n<!-- \/wp:paragraph -->\n\n<!-- wp:shortcode -->\n<div role=\"form\" class=\"wpcf7\" id=\"wpcf7-f2337-o1\" lang=\"es-ES\" dir=\"ltr\">\n<div class=\"screen-reader-response\"><p role=\"status\" aria-live=\"polite\" aria-atomic=\"true\"><\/p> <ul><\/ul><\/div>\n<form action=\"\/web\/wp-json\/wp\/v2\/pages\/2334#wpcf7-f2337-o1\" method=\"post\" class=\"wpcf7-form init\" novalidate=\"novalidate\" data-status=\"init\">\n<div style=\"display: none;\">\n<input type=\"hidden\" name=\"_wpcf7\" value=\"2337\" \/>\n<input type=\"hidden\" name=\"_wpcf7_version\" value=\"5.6.4\" \/>\n<input type=\"hidden\" name=\"_wpcf7_locale\" value=\"es_ES\" \/>\n<input type=\"hidden\" name=\"_wpcf7_unit_tag\" value=\"wpcf7-f2337-o1\" \/>\n<input type=\"hidden\" name=\"_wpcf7_container_post\" value=\"0\" \/>\n<input type=\"hidden\" name=\"_wpcf7_posted_data_hash\" value=\"\" \/>\n<\/div>\n<p><label> Nombre de tu hijo o hija (obligatorio)<br \/>\n    <span class=\"wpcf7-form-control-wrap\" data-name=\"your-name\"><input type=\"text\" name=\"your-name\" value=\"\" size=\"40\" class=\"wpcf7-form-control wpcf7-text wpcf7-validates-as-required\" aria-required=\"true\" aria-invalid=\"false\" \/><\/span> <\/label><\/p>\n<p><label> El curso y grupo de tu hijo o hija (obligatorio)<br \/>\n<span class=\"wpcf7-form-control-wrap\" data-name=\"Cursoygrupo\"><select name=\"Cursoygrupo\" class=\"wpcf7-form-control wpcf7-select wpcf7-validates-as-required\" aria-required=\"true\" aria-invalid=\"false\"><option value=\"3 a\u00f1os A\">3 a\u00f1os A<\/option><option value=\"3 a\u00f1os B\">3 a\u00f1os B<\/option><option value=\"4 a\u00f1os A\">4 a\u00f1os A<\/option><option value=\"4 a\u00f1os B\">4 a\u00f1os B<\/option><option value=\"5 a\u00f1os A\">5 a\u00f1os A<\/option><option value=\"5 a\u00f1os B\">5 a\u00f1os B<\/option><option value=\"1\u00ba A Primaria\">1\u00ba A Primaria<\/option><option value=\"1\u00ba B Primaria\">1\u00ba B Primaria<\/option><option value=\"2\u00ba A Primaria\">2\u00ba A Primaria<\/option><option value=\"2\u00ba B Primaria\">2\u00ba B Primaria<\/option><option value=\"2\u00ba C Primaria\">2\u00ba C Primaria<\/option><option value=\"3\u00ba A Primaria\">3\u00ba A Primaria<\/option><option value=\"3\u00ba B Primaria\">3\u00ba B Primaria<\/option><option value=\"3\u00ba C Primaria\">3\u00ba C Primaria<\/option><option value=\"Aula Alternativa\">Aula Alternativa<\/option><option value=\"4\u00ba A Primaria\">4\u00ba A Primaria<\/option><option value=\"4\u00ba B Primaria\">4\u00ba B Primaria<\/option><option value=\"5\u00ba A Primaria\">5\u00ba A Primaria<\/option><option value=\"5\u00ba B Primaria\">5\u00ba B Primaria<\/option><option value=\"6\u00ba A Primaria\">6\u00ba A Primaria<\/option><option value=\"6\u00ba A Primaria\">6\u00ba A Primaria<\/option><\/select><\/span> <\/label><\/p>\n<p><label> Tu actual email (obligatorio)<br \/>\n    <span class=\"wpcf7-form-control-wrap\" data-name=\"your-email\"><input type=\"email\" name=\"your-email\" value=\"\" size=\"40\" class=\"wpcf7-form-control wpcf7-text wpcf7-email wpcf7-validates-as-required wpcf7-validates-as-email\" aria-required=\"true\" aria-invalid=\"false\" \/><\/span> <\/label><\/p>\n<p><label> Tu actual tel\u00e9fono (obligatorio)<br \/>\n<span class=\"wpcf7-form-control-wrap\" data-name=\"Tuactualtelfono\"><input type=\"tel\" name=\"Tuactualtelfono\" value=\"\" size=\"40\" class=\"wpcf7-form-control wpcf7-text wpcf7-tel wpcf7-validates-as-required wpcf7-validates-as-tel\" aria-required=\"true\" aria-invalid=\"false\" \/><\/span> <\/label><\/p>\n<p><label> Motivo del cambio<br \/>\n    <span class=\"wpcf7-form-control-wrap\" data-name=\"your-subject\"><input type=\"text\" name=\"your-subject\" value=\"\" size=\"40\" class=\"wpcf7-form-control wpcf7-text\" aria-invalid=\"false\" \/><\/span> <\/label><\/p>\n<p><label> M\u00e1s informaci\u00f3n a tener en cuenta<br \/>\n    <span class=\"wpcf7-form-control-wrap\" data-name=\"your-message\"><textarea name=\"your-message\" cols=\"40\" rows=\"10\" class=\"wpcf7-form-control wpcf7-textarea\" aria-invalid=\"false\"><\/textarea><\/span> <\/label><\/p>\n<p>Pregunta antiSPAM:<br \/>\n   <span class=\"wpcf7-form-control-wrap\" data-name=\"quiz-450\"><label><span class=\"wpcf7-quiz-label\">\u00bfCu\u00e1nto son 2+2?<\/span> <input type=\"text\" name=\"quiz-450\" size=\"40\" class=\"wpcf7-form-control wpcf7-quiz\" autocomplete=\"off\" aria-required=\"true\" aria-invalid=\"false\" \/><\/label><input type=\"hidden\" name=\"_wpcf7_quiz_answer_quiz-450\" value=\"58f834eb56f211a60fb1a9044e88567e\" \/><\/span><\/p>\n<p><input type=\"submit\" value=\"Enviar\" class=\"wpcf7-form-control has-spinner wpcf7-submit\" \/><\/p>\n<p style=\"display: none !important;\" class=\"akismet-fields-container\" data-prefix=\"_wpcf7_ak_\"><label>&#916;<textarea name=\"_wpcf7_ak_hp_textarea\" cols=\"45\" rows=\"8\" maxlength=\"100\"><\/textarea><\/label><input type=\"hidden\" id=\"ak_js_1\" name=\"_wpcf7_ak_js\" value=\"185\"\/><script>document.getElementById( \"ak_js_1\" ).setAttribute( \"value\", ( new Date() ).getTime() );<\/script><\/p><div class=\"wpcf7-response-output\" aria-hidden=\"true\"><\/div><\/form><\/div>\n<!-- \/wp:shortcode -->\n\n<!-- wp:paragraph -->\n<p>El acceso a Educa familias es:<\/p>\n<!-- \/wp:paragraph -->\n\n<!-- wp:paragraph -->\n<p><a href=\"https:\/\/educa.navarra.es\/\" target=\"_blank\" rel=\"noreferrer noopener\">https:\/\/educa.navarra.es\/<\/a><\/p>\n<!-- \/wp:paragraph -->\n\n<!-- wp:paragraph -->\n<p>Tambi\u00e9n existe versi\u00f3n para dispositivos m\u00f3viles disponible en <a rel=\"noreferrer noopener\" aria-label=\"Google Play para Android (opens in a new tab)\" href=\"https:\/\/play.google.com\/store\/apps\/details?id=es.navarra.educacion.educa.Familias\" target=\"_blank\">Google Play para Android<\/a>, y en la AppStore para iOS Apple.<\/p>\n<!-- \/wp:paragraph -->\n\n<!-- wp:paragraph -->\n<p>En nuestra web, apartado familias, hay un tutoriales de uso.<\/p>\n<!-- \/wp:paragraph -->\n\n<!-- wp:paragraph -->\n<p><strong>IMPORTANTE: en caso de no recordar la contrase\u00f1a o de acceder por primera vez deben pulsar en el enlace <a href=\"https:\/\/educages.navarra.es\/Educa\/public\/trUSRPasswordResetSolicitud\" target=\"_blank\" rel=\"noreferrer noopener\" aria-label=\"Accedo por primera vez \/ No recuerdo la contrase\u00f1a (opens in a new tab)\">Accedo por primera vez \/ No recuerdo la contrase\u00f1a<\/a>. Nadie del centro dispone de esa informaci\u00f3n personal ni le puede ayudar al respecto.<\/strong><\/p>\n<!-- \/wp:paragraph -->\t\t\t\t\t\t<\/div>\n\t\t\t\t<\/div>\n\t\t\t\t\t<\/div>\n\t\t<\/div>\n\t\t\t\t\t\t\t<\/div>\n\t\t<\/section>\n\t\t\t\t\t\t\t<\/div>\n\t\t","protected":false},"excerpt":{"rendered":"<p>Actualizaci\u00f3n de datos de Educa s\u00f3lo para la comunidad educativa del CPEIP Paderborn-Lezkairu Educa es el sistema inform\u00e1tico del Departamento de Educaci\u00f3n para la gesti\u00f3n de la informaci\u00f3n escolar. Sirve para facilitar la gesti\u00f3n, administraci\u00f3n y comunicaci\u00f3n entre los diferentes participantes en el proceso educativo: profesorado, familias, alumnado, centro educativo y unidades t\u00e9cnicas del Departamento [&hellip;]<\/p>\n","protected":false},"author":3,"featured_media":0,"parent":0,"menu_order":0,"comment_status":"closed","ping_status":"closed","template":"elementor_header_footer","meta":{"_genesis_hide_title":true,"_genesis_hide_breadcrumbs":false,"_genesis_hide_singular_image":false,"_genesis_hide_footer_widgets":false,"_genesis_custom_body_class":"","_genesis_custom_post_class":"","_genesis_layout":"","jetpack_post_was_ever_published":false,"footnotes":""},"jetpack_sharing_enabled":false,"jetpack_likes_enabled":false,"_links":{"self":[{"href":"https:\/\/cppaderborn.educacion.navarra.es\/web\/wp-json\/wp\/v2\/pages\/2334"}],"collection":[{"href":"https:\/\/cppaderborn.educacion.navarra.es\/web\/wp-json\/wp\/v2\/pages"}],"about":[{"href":"https:\/\/cppaderborn.educacion.navarra.es\/web\/wp-json\/wp\/v2\/types\/page"}],"author":[{"embeddable":true,"href":"https:\/\/cppaderborn.educacion.navarra.es\/web\/wp-json\/wp\/v2\/users\/3"}],"replies":[{"embeddable":true,"href":"https:\/\/cppaderborn.educacion.navarra.es\/web\/wp-json\/wp\/v2\/comments?post=2334"}],"version-history":[{"count":16,"href":"https:\/\/cppaderborn.educacion.navarra.es\/web\/wp-json\/wp\/v2\/pages\/2334\/revisions"}],"predecessor-version":[{"id":5487,"href":"https:\/\/cppaderborn.educacion.navarra.es\/web\/wp-json\/wp\/v2\/pages\/2334\/revisions\/5487"}],"wp:attachment":[{"href":"https:\/\/cppaderborn.educacion.navarra.es\/web\/wp-json\/wp\/v2\/media?parent=2334"}],"curies":[{"name":"wp","href":"https:\/\/api.w.org\/{rel}","templated":true}]}}