{"id":31,"date":"2014-05-19T12:22:42","date_gmt":"2014-05-19T10:22:42","guid":{"rendered":"http:\/\/cppaderborn.educacion.navarra.es\/web\/?page_id=31"},"modified":"2025-12-04T15:32:38","modified_gmt":"2025-12-04T14:32:38","slug":"proyecto-educativo","status":"publish","type":"page","link":"https:\/\/cppaderborn.educacion.navarra.es\/web\/proyecto-educativo\/","title":{"rendered":"Proyecto educativo"},"content":{"rendered":"\t\t<div data-elementor-type=\"wp-page\" data-elementor-id=\"31\" class=\"elementor elementor-31\" data-elementor-post-type=\"page\">\n\t\t\t\t\t\t\t\t\t<section class=\"elementor-section elementor-top-section elementor-element elementor-element-cd024f9 elementor-section-full_width elementor-section-height-default elementor-section-height-default\" data-id=\"cd024f9\" data-element_type=\"section\">\n\t\t\t\t\t\t<div class=\"elementor-container elementor-column-gap-default\">\n\t\t\t\t\t<div class=\"elementor-column elementor-col-100 elementor-top-column elementor-element elementor-element-d069023\" data-id=\"d069023\" data-element_type=\"column\">\n\t\t\t<div class=\"elementor-widget-wrap elementor-element-populated\">\n\t\t\t\t\t\t\t\t<div class=\"elementor-element elementor-element-bf817ad elementor-widget elementor-widget-template\" data-id=\"bf817ad\" data-element_type=\"widget\" data-widget_type=\"template.default\">\n\t\t\t\t<div class=\"elementor-widget-container\">\n\t\t\t\t\t<div class=\"elementor-template\">\n\t\t\t\t\t<div data-elementor-type=\"section\" data-elementor-id=\"5450\" class=\"elementor elementor-5450\" data-elementor-post-type=\"elementor_library\">\n\t\t\t\t\t\t\t\t<section class=\"elementor-section elementor-top-section elementor-element elementor-element-3c0f4e92 elementor-section-full_width elementor-section-height-min-height elementor-section-height-default elementor-section-items-middle\" data-id=\"3c0f4e92\" data-element_type=\"section\">\n\t\t\t\t\t\t\t<div class=\"elementor-background-overlay\"><\/div>\n\t\t\t\t\t\t\t<div class=\"elementor-container elementor-column-gap-default\">\n\t\t\t\t\t<div class=\"elementor-column elementor-col-100 elementor-top-column elementor-element elementor-element-a2b5d8d\" data-id=\"a2b5d8d\" data-element_type=\"column\">\n\t\t\t<div class=\"elementor-widget-wrap elementor-element-populated\">\n\t\t\t\t\t\t\t\t<div class=\"elementor-element elementor-element-20b9a9cd elementor-widget elementor-widget-heading\" data-id=\"20b9a9cd\" data-element_type=\"widget\" data-widget_type=\"heading.default\">\n\t\t\t\t<div class=\"elementor-widget-container\">\n\t\t\t<h2 class=\"elementor-heading-title elementor-size-xl\">Proyecto Educativo<\/h2>\t\t<\/div>\n\t\t\t\t<\/div>\n\t\t\t\t\t<\/div>\n\t\t<\/div>\n\t\t\t\t\t\t\t<\/div>\n\t\t<\/section>\n\t\t\t\t\t\t<\/div>\n\t\t\t\t<\/div>\n\t\t\t\t<\/div>\n\t\t\t\t<\/div>\n\t\t\t\t\t<\/div>\n\t\t<\/div>\n\t\t\t\t\t\t\t<\/div>\n\t\t<\/section>\n\t\t\t\t<section class=\"elementor-section elementor-top-section elementor-element elementor-element-cc87953 elementor-section-boxed elementor-section-height-default elementor-section-height-default\" data-id=\"cc87953\" data-element_type=\"section\">\n\t\t\t\t\t\t<div class=\"elementor-container elementor-column-gap-default\">\n\t\t\t\t\t<div class=\"elementor-column elementor-col-100 elementor-top-column elementor-element elementor-element-8e08d6d\" data-id=\"8e08d6d\" data-element_type=\"column\">\n\t\t\t<div class=\"elementor-widget-wrap elementor-element-populated\">\n\t\t\t\t\t\t\t\t<div class=\"elementor-element elementor-element-1d4648a elementor-widget elementor-widget-spacer\" data-id=\"1d4648a\" data-element_type=\"widget\" data-widget_type=\"spacer.default\">\n\t\t\t\t<div class=\"elementor-widget-container\">\n\t\t\t\t\t<div class=\"elementor-spacer\">\n\t\t\t<div class=\"elementor-spacer-inner\"><\/div>\n\t\t<\/div>\n\t\t\t\t<\/div>\n\t\t\t\t<\/div>\n\t\t\t\t<div class=\"elementor-element elementor-element-c1898f4 elementor-widget elementor-widget-heading\" data-id=\"c1898f4\" data-element_type=\"widget\" data-widget_type=\"heading.default\">\n\t\t\t\t<div class=\"elementor-widget-container\">\n\t\t\t<h2 class=\"elementor-heading-title elementor-size-large\">Proyecto educativo<\/h2>\t\t<\/div>\n\t\t\t\t<\/div>\n\t\t\t\t\t<\/div>\n\t\t<\/div>\n\t\t\t\t\t\t\t<\/div>\n\t\t<\/section>\n\t\t\t\t<section class=\"elementor-section elementor-top-section elementor-element elementor-element-26660db0 elementor-section-boxed elementor-section-height-default elementor-section-height-default\" data-id=\"26660db0\" data-element_type=\"section\">\n\t\t\t\t\t\t<div class=\"elementor-container elementor-column-gap-default\">\n\t\t\t\t\t<div class=\"elementor-column elementor-col-100 elementor-top-column elementor-element elementor-element-2d2d508a\" data-id=\"2d2d508a\" data-element_type=\"column\">\n\t\t\t<div class=\"elementor-widget-wrap elementor-element-populated\">\n\t\t\t\t\t\t\t\t<div class=\"elementor-element elementor-element-e7a2ef6 elementor-widget elementor-widget-text-editor\" data-id=\"e7a2ef6\" data-element_type=\"widget\" data-widget_type=\"text-editor.default\">\n\t\t\t\t<div class=\"elementor-widget-container\">\n\t\t\t\t\t\t\t<p>El presente documento pretende ser una escueta y clara especificaci\u00f3n de los fines que persigue este centro, estableciendo las caracter\u00edsticas fundamentales del colegio. Es un documento singular, propio y espec\u00edfico del C.P. Paderborn-Lezkairu. El Proyecto Educativo debe evitar la rutina y promover la reflexi\u00f3n sobre el sentido y validez de nuestro trabajo. Para ello debe ser llevado a la pr\u00e1ctica y, a partir de ella, ser revisado y mejorado, con innovaciones y reformas.<\/p>\n<h3><b><i>VERSI\u00d3N EN CASTELLANO<\/i><\/b><\/h3>\n<p><!-- wp:file {\"id\":3596,\"https:\/\/cppaderborn.educacion.navarra.es\/web\/wp-content\/uploads\/2025\/12\/DC0044-PROYECTO-EDUCATIVO-.pdf\",\"displayPreview\":true} --><\/p>\n<div class=\"wp-block-file\">\n<p><object class=\"wp-block-file__embed\" style=\"width: 100%; height: 600px;\" data=\"https:\/\/cppaderborn.educacion.navarra.es\/web\/wp-content\/uploads\/2025\/12\/DC0044-PROYECTO-EDUCATIVO-.pdf\" type=\"application\/pdf\" width=\"300\" height=\"150\" aria-label=\"Incrustado de DC0044 PROYECTO EDUCATIVO DE CENTRO.\"><\/object><a id=\"wp-block-file--media-e2563bd3-0968-4b5f-b081-8ba7f5a487e6\" href=\"https:\/\/cppaderborn.educacion.navarra.es\/web\/wp-content\/uploads\/2025\/12\/DC0044-PROYECTO-EDUCATIVO-.pdf\">DC0044 PROYECTO EDUCATIVO DE CENTRO<\/a><a class=\"wp-block-file__button\" href=\"https:\/\/cppaderborn.educacion.navarra.es\/web\/wp-content\/uploads\/2025\/12\/DC0044-PROYECTO-EDUCATIVO-.pdf\" download=\"\" aria-describedby=\"wp-block-file--media-e2563bd3-0968-4b5f-b081-8ba7f5a487e6\">Descarga<\/a><\/p>\n<h2><b><i>VERSI\u00d3N EN EUSKERA<\/i><\/b><\/h2>\n<p><!-- wp:file {\"id\":3596,\"href\":\"https:\/\/cppaderborn.educacion.navarra.es\/web\/wp-content\/uploads\/2025\/12\/DC0044-HEZKUNTZA-PROIEKTUA.pdf\",\"displayPreview\":true} --><\/p>\n<div class=\"wp-block-file\"><object class=\"wp-block-file__embed\" style=\"width: 100%; height: 600px;\" data=\"https:\/\/cppaderborn.educacion.navarra.es\/web\/wp-content\/uploads\/2025\/12\/DC0044-HEZKUNTZA-PROIEKTUA.pdf\" type=\"application\/pdf\" width=\"300\" height=\"150\" aria-label=\"Incrustado de DC0044 PROYECTO EDUCATIVO DE CENTRO.\"><\/object><a id=\"wp-block-file--media-e2563bd3-0968-4b5f-b081-8ba7f5a487e6\" href=\"https:\/\/cppaderborn.educacion.navarra.es\/web\/wp-content\/uploads\/2025\/12\/DC0044-HEZKUNTZA-PROIEKTUA.pdf\">DC0132 HEZKUNTZA PROIEKTUA<\/a><a class=\"wp-block-file__button\" href=\"https:\/\/cppaderborn.educacion.navarra.es\/web\/wp-content\/uploads\/2025\/12\/DC0044-HEZKUNTZA-PROIEKTUA.pdf\" download=\"\" aria-describedby=\"wp-block-file--media-e2563bd3-0968-4b5f-b081-8ba7f5a487e6\">Isurria<\/a><\/div>\n<p><!-- \/wp:file --><\/p>\n<\/div>\t\t\t\t\t\t<\/div>\n\t\t\t\t<\/div>\n\t\t\t\t\t<\/div>\n\t\t<\/div>\n\t\t\t\t\t\t\t<\/div>\n\t\t<\/section>\n\t\t\t\t\t\t\t<\/div>\n\t\t","protected":false},"excerpt":{"rendered":"<p>Proyecto educativo El presente documento pretende ser una escueta y clara especificaci\u00f3n de los fines que persigue este centro, estableciendo las caracter\u00edsticas fundamentales del colegio. Es un documento singular, propio y espec\u00edfico del C.P. Paderborn-Lezkairu. El Proyecto Educativo debe evitar la rutina y promover la reflexi\u00f3n sobre el sentido y validez de nuestro trabajo. Para [&hellip;]<\/p>\n","protected":false},"author":1,"featured_media":0,"parent":0,"menu_order":0,"comment_status":"open","ping_status":"open","template":"elementor_header_footer","meta":{"_genesis_hide_title":true,"_genesis_hide_breadcrumbs":false,"_genesis_hide_singular_image":false,"_genesis_hide_footer_widgets":false,"_genesis_custom_body_class":"","_genesis_custom_post_class":"","_genesis_layout":"full-width-content","jetpack_post_was_ever_published":false,"footnotes":""},"jetpack_sharing_enabled":false,"jetpack_likes_enabled":false,"_links":{"self":[{"href":"https:\/\/cppaderborn.educacion.navarra.es\/web\/wp-json\/wp\/v2\/pages\/31"}],"collection":[{"href":"https:\/\/cppaderborn.educacion.navarra.es\/web\/wp-json\/wp\/v2\/pages"}],"about":[{"href":"https:\/\/cppaderborn.educacion.navarra.es\/web\/wp-json\/wp\/v2\/types\/page"}],"author":[{"embeddable":true,"href":"https:\/\/cppaderborn.educacion.navarra.es\/web\/wp-json\/wp\/v2\/users\/1"}],"replies":[{"embeddable":true,"href":"https:\/\/cppaderborn.educacion.navarra.es\/web\/wp-json\/wp\/v2\/comments?post=31"}],"version-history":[{"count":33,"href":"https:\/\/cppaderborn.educacion.navarra.es\/web\/wp-json\/wp\/v2\/pages\/31\/revisions"}],"predecessor-version":[{"id":7408,"href":"https:\/\/cppaderborn.educacion.navarra.es\/web\/wp-json\/wp\/v2\/pages\/31\/revisions\/7408"}],"wp:attachment":[{"href":"https:\/\/cppaderborn.educacion.navarra.es\/web\/wp-json\/wp\/v2\/media?parent=31"}],"curies":[{"name":"wp","href":"https:\/\/api.w.org\/{rel}","templated":true}]}}