{"id":3603,"date":"2021-11-02T13:50:49","date_gmt":"2021-11-02T12:50:49","guid":{"rendered":"https:\/\/cppaderborn.educacion.navarra.es\/web\/?page_id=3603"},"modified":"2025-09-22T09:59:56","modified_gmt":"2025-09-22T07:59:56","slug":"boletin-informativo-2","status":"publish","type":"page","link":"https:\/\/cppaderborn.educacion.navarra.es\/web\/boletin-informativo-2\/","title":{"rendered":"Bolet\u00edn informativo"},"content":{"rendered":"\t\t<div data-elementor-type=\"wp-page\" data-elementor-id=\"3603\" class=\"elementor elementor-3603\" data-elementor-post-type=\"page\">\n\t\t\t\t\t\t\t\t\t<section class=\"elementor-section elementor-top-section elementor-element elementor-element-901d5a5 elementor-section-full_width elementor-section-height-default elementor-section-height-default\" data-id=\"901d5a5\" data-element_type=\"section\">\n\t\t\t\t\t\t<div class=\"elementor-container elementor-column-gap-default\">\n\t\t\t\t\t<div class=\"elementor-column elementor-col-100 elementor-top-column elementor-element elementor-element-431b614\" data-id=\"431b614\" data-element_type=\"column\">\n\t\t\t<div class=\"elementor-widget-wrap elementor-element-populated\">\n\t\t\t\t\t\t\t\t<div class=\"elementor-element elementor-element-c046a27 elementor-widget elementor-widget-template\" data-id=\"c046a27\" data-element_type=\"widget\" data-widget_type=\"template.default\">\n\t\t\t\t<div class=\"elementor-widget-container\">\n\t\t\t\t\t<div class=\"elementor-template\">\n\t\t\t\t\t<div data-elementor-type=\"section\" data-elementor-id=\"5467\" class=\"elementor elementor-5467\" data-elementor-post-type=\"elementor_library\">\n\t\t\t\t\t\t\t\t<section class=\"elementor-section elementor-top-section elementor-element elementor-element-86e4351 elementor-section-full_width elementor-section-height-min-height elementor-section-height-default elementor-section-items-middle\" data-id=\"86e4351\" data-element_type=\"section\">\n\t\t\t\t\t\t\t<div class=\"elementor-background-overlay\"><\/div>\n\t\t\t\t\t\t\t<div class=\"elementor-container elementor-column-gap-default\">\n\t\t\t\t\t<div class=\"elementor-column elementor-col-100 elementor-top-column elementor-element elementor-element-49cdddb8\" data-id=\"49cdddb8\" data-element_type=\"column\">\n\t\t\t<div class=\"elementor-widget-wrap elementor-element-populated\">\n\t\t\t\t\t\t\t\t<div class=\"elementor-element elementor-element-621fd979 elementor-widget elementor-widget-heading\" data-id=\"621fd979\" data-element_type=\"widget\" data-widget_type=\"heading.default\">\n\t\t\t\t<div class=\"elementor-widget-container\">\n\t\t\t<h2 class=\"elementor-heading-title elementor-size-xl\">Familias<\/h2>\t\t<\/div>\n\t\t\t\t<\/div>\n\t\t\t\t\t<\/div>\n\t\t<\/div>\n\t\t\t\t\t\t\t<\/div>\n\t\t<\/section>\n\t\t\t\t\t\t<\/div>\n\t\t\t\t<\/div>\n\t\t\t\t<\/div>\n\t\t\t\t<\/div>\n\t\t\t\t\t<\/div>\n\t\t<\/div>\n\t\t\t\t\t\t\t<\/div>\n\t\t<\/section>\n\t\t\t\t<section class=\"elementor-section elementor-top-section elementor-element elementor-element-26229e2 elementor-section-boxed elementor-section-height-default elementor-section-height-default\" data-id=\"26229e2\" data-element_type=\"section\">\n\t\t\t\t\t\t<div class=\"elementor-container elementor-column-gap-default\">\n\t\t\t\t\t<div class=\"elementor-column elementor-col-100 elementor-top-column elementor-element elementor-element-7547096\" data-id=\"7547096\" data-element_type=\"column\">\n\t\t\t<div class=\"elementor-widget-wrap elementor-element-populated\">\n\t\t\t\t\t\t\t\t<div class=\"elementor-element elementor-element-a1121e1 elementor-widget elementor-widget-heading\" data-id=\"a1121e1\" data-element_type=\"widget\" data-widget_type=\"heading.default\">\n\t\t\t\t<div class=\"elementor-widget-container\">\n\t\t\t<h2 class=\"elementor-heading-title elementor-size-large\">Bolet\u00edn informativo<\/h2>\t\t<\/div>\n\t\t\t\t<\/div>\n\t\t\t\t\t<\/div>\n\t\t<\/div>\n\t\t\t\t\t\t\t<\/div>\n\t\t<\/section>\n\t\t\t\t<section class=\"elementor-section elementor-top-section elementor-element elementor-element-5679e402 elementor-section-boxed elementor-section-height-default elementor-section-height-default\" data-id=\"5679e402\" data-element_type=\"section\">\n\t\t\t\t\t\t<div class=\"elementor-container elementor-column-gap-default\">\n\t\t\t\t\t<div class=\"elementor-column elementor-col-100 elementor-top-column elementor-element elementor-element-1bccbcc2\" data-id=\"1bccbcc2\" data-element_type=\"column\">\n\t\t\t<div class=\"elementor-widget-wrap elementor-element-populated\">\n\t\t\t\t\t\t\t\t<div class=\"elementor-element elementor-element-3f535e51 elementor-widget elementor-widget-text-editor\" data-id=\"3f535e51\" data-element_type=\"widget\" data-widget_type=\"text-editor.default\">\n\t\t\t\t<div class=\"elementor-widget-container\">\n\t\t\t\t\t\t\t<p><!-- wp:paragraph --><\/p>\n<p>El bolet\u00edn informativo que se entreg\u00f3 a las familias asistentes a las reuniones iniciales del curso 2025-2026 es el siguiente:<\/p>\n<p><!-- \/wp:paragraph --><\/p>\t\t\t\t\t\t<\/div>\n\t\t\t\t<\/div>\n\t\t\t\t<div class=\"elementor-element elementor-element-248e00a elementor-widget elementor-widget-text-editor\" data-id=\"248e00a\" data-element_type=\"widget\" data-widget_type=\"text-editor.default\">\n\t\t\t\t<div class=\"elementor-widget-container\">\n\t\t\t\t\t\t\t<!-- wp:file {\"id\":4419,\"href\":\"https:\/\/cppaderborn.educacion.navarra.es\/web\/wp-content\/uploads\/2025\/09\/DC0101-Boletin-informativo-familias-25-26.pdf\",\"displayPreview\":true} -->\n<div class=\"wp-block-file\"><object class=\"wp-block-file__embed\" style=\"width: 100%; height: 600px;\" data=\"https:\/\/cppaderborn.educacion.navarra.es\/web\/wp-content\/uploads\/2025\/09\/DC0101-Boletin-informativo-familias-25-26.pdf\" type=\"application\/pdf\" width=\"300\" height=\"150\" aria-label=\"Incrustado de Bolet\u00edn Informativo 25-26\"><\/object><a id=\"wp-block-file--media-0d287cbb-1cf2-4da6-9b46-70dc550ccffe\" href=\"https:\/\/cppaderborn.educacion.navarra.es\/web\/wp-content\/uploads\/2025\/09\/DC0101-Boletin-informativo-familias-25-26.pdf\">Bolet\u00edn Informativo 25-26<\/a><a class=\"wp-block-file__button\" href=\"https:\/\/cppaderborn.educacion.navarra.es\/web\/wp-content\/uploads\/2025\/09\/DC0101-Boletin-informativo-familias-25-26.pdf\" download=\"\" aria-describedby=\"wp-block-file--media-0d287cbb-1cf2-4da6-9b46-70dc550ccffe\">Descarga<\/a><\/div>\n<!-- \/wp:file -->\t\t\t\t\t\t<\/div>\n\t\t\t\t<\/div>\n\t\t\t\t<div class=\"elementor-element elementor-element-71c8529 elementor-widget elementor-widget-spacer\" data-id=\"71c8529\" data-element_type=\"widget\" data-widget_type=\"spacer.default\">\n\t\t\t\t<div class=\"elementor-widget-container\">\n\t\t\t\t\t<div class=\"elementor-spacer\">\n\t\t\t<div class=\"elementor-spacer-inner\"><\/div>\n\t\t<\/div>\n\t\t\t\t<\/div>\n\t\t\t\t<\/div>\n\t\t\t\t\t<\/div>\n\t\t<\/div>\n\t\t\t\t\t\t\t<\/div>\n\t\t<\/section>\n\t\t\t\t<section class=\"elementor-section elementor-top-section elementor-element elementor-element-6737047 elementor-section-boxed elementor-section-height-default elementor-section-height-default\" data-id=\"6737047\" data-element_type=\"section\">\n\t\t\t\t\t\t<div class=\"elementor-container elementor-column-gap-default\">\n\t\t\t\t\t<div class=\"elementor-column elementor-col-100 elementor-top-column elementor-element elementor-element-7b7d0e6\" data-id=\"7b7d0e6\" data-element_type=\"column\">\n\t\t\t<div class=\"elementor-widget-wrap elementor-element-populated\">\n\t\t\t\t\t\t\t\t<div class=\"elementor-element elementor-element-ac3e496 elementor-widget elementor-widget-text-editor\" data-id=\"ac3e496\" data-element_type=\"widget\" data-widget_type=\"text-editor.default\">\n\t\t\t\t<div class=\"elementor-widget-container\">\n\t\t\t\t\t\t\t<p><!-- wp:paragraph --><\/p>\n<p>Hauxe da 2025-2026 ikasturteko hasierako bileretara joandako familiei entregatu zaien buletina:<\/p>\n<p><!-- \/wp:paragraph --><\/p>\t\t\t\t\t\t<\/div>\n\t\t\t\t<\/div>\n\t\t\t\t<div class=\"elementor-element elementor-element-d41ac20 elementor-widget elementor-widget-text-editor\" data-id=\"d41ac20\" data-element_type=\"widget\" data-widget_type=\"text-editor.default\">\n\t\t\t\t<div class=\"elementor-widget-container\">\n\t\t\t\t\t\t\t<!-- wp:file {\"id\":4419,\"href\":\"https:\/\/cppaderborn.educacion.navarra.es\/web\/wp-content\/uploads\/2025\/09\/DC0101-Familiarentzako-Informazioa-25-26.pdf\",\"displayPreview\":true} -->\n<div class=\"wp-block-file\"><object class=\"wp-block-file__embed\" style=\"width: 100%; height: 600px;\" data=\"https:\/\/cppaderborn.educacion.navarra.es\/web\/wp-content\/uploads\/2025\/09\/DC0101-Familiarentzako-Informazioa-25-26.pdf\" type=\"application\/pdf\" width=\"300\" height=\"150\" aria-label=\"Incrustado de Bolet\u00edn Informativo 25-26.\"><\/object><a id=\"wp-block-file--media-0d287cbb-1cf2-4da6-9b46-70dc550ccffe\" href=\"https:\/\/cppaderborn.educacion.navarra.es\/web\/wp-content\/uploads\/2025\/09\/DC0101-Familiarentzako-Informazioa-25-26.pdf\">Familiarentzako Informazioa 25-26<\/a><a class=\"wp-block-file__button\" href=\"https:\/\/cppaderborn.educacion.navarra.es\/web\/wp-content\/uploads\/2025\/09\/DC0101-Familiarentzako-Informazioa-25-26.pdf\" download=\"\" aria-describedby=\"wp-block-file--media-0d287cbb-1cf2-4da6-9b46-70dc550ccffe\">Descarga<\/a><\/div>\n<!-- \/wp:file -->\t\t\t\t\t\t<\/div>\n\t\t\t\t<\/div>\n\t\t\t\t<div class=\"elementor-element elementor-element-3a21dc8 elementor-widget elementor-widget-spacer\" data-id=\"3a21dc8\" data-element_type=\"widget\" data-widget_type=\"spacer.default\">\n\t\t\t\t<div class=\"elementor-widget-container\">\n\t\t\t\t\t<div class=\"elementor-spacer\">\n\t\t\t<div class=\"elementor-spacer-inner\"><\/div>\n\t\t<\/div>\n\t\t\t\t<\/div>\n\t\t\t\t<\/div>\n\t\t\t\t\t<\/div>\n\t\t<\/div>\n\t\t\t\t\t\t\t<\/div>\n\t\t<\/section>\n\t\t\t\t\t\t\t<\/div>\n\t\t","protected":false},"excerpt":{"rendered":"<p>Bolet\u00edn informativo El bolet\u00edn informativo que se entreg\u00f3 a las familias asistentes a las reuniones iniciales del curso 2025-2026 es el siguiente: Hauxe da 2025-2026 ikasturteko hasierako bileretara joandako familiei entregatu zaien buletina:<\/p>\n","protected":false},"author":3,"featured_media":0,"parent":0,"menu_order":0,"comment_status":"closed","ping_status":"closed","template":"elementor_header_footer","meta":{"_genesis_hide_title":false,"_genesis_hide_breadcrumbs":false,"_genesis_hide_singular_image":false,"_genesis_hide_footer_widgets":false,"_genesis_custom_body_class":"","_genesis_custom_post_class":"","_genesis_layout":"full-width-content","jetpack_post_was_ever_published":false,"footnotes":""},"jetpack_sharing_enabled":false,"jetpack_likes_enabled":false,"_links":{"self":[{"href":"https:\/\/cppaderborn.educacion.navarra.es\/web\/wp-json\/wp\/v2\/pages\/3603"}],"collection":[{"href":"https:\/\/cppaderborn.educacion.navarra.es\/web\/wp-json\/wp\/v2\/pages"}],"about":[{"href":"https:\/\/cppaderborn.educacion.navarra.es\/web\/wp-json\/wp\/v2\/types\/page"}],"author":[{"embeddable":true,"href":"https:\/\/cppaderborn.educacion.navarra.es\/web\/wp-json\/wp\/v2\/users\/3"}],"replies":[{"embeddable":true,"href":"https:\/\/cppaderborn.educacion.navarra.es\/web\/wp-json\/wp\/v2\/comments?post=3603"}],"version-history":[{"count":27,"href":"https:\/\/cppaderborn.educacion.navarra.es\/web\/wp-json\/wp\/v2\/pages\/3603\/revisions"}],"predecessor-version":[{"id":7143,"href":"https:\/\/cppaderborn.educacion.navarra.es\/web\/wp-json\/wp\/v2\/pages\/3603\/revisions\/7143"}],"wp:attachment":[{"href":"https:\/\/cppaderborn.educacion.navarra.es\/web\/wp-json\/wp\/v2\/media?parent=3603"}],"curies":[{"name":"wp","href":"https:\/\/api.w.org\/{rel}","templated":true}]}}