{"id":3850,"date":"2022-04-26T09:03:46","date_gmt":"2022-04-26T07:03:46","guid":{"rendered":"https:\/\/cppaderborn.educacion.navarra.es\/web\/?page_id=3850"},"modified":"2022-04-26T09:04:38","modified_gmt":"2022-04-26T07:04:38","slug":"programa-laguntza","status":"publish","type":"page","link":"https:\/\/cppaderborn.educacion.navarra.es\/web\/programa-laguntza\/","title":{"rendered":"Programa Laguntza"},"content":{"rendered":"\n<p>Desde el curso 2021-2022, nuestro centro est\u00e1 involucrado en el programa de prevenci\u00f3n e intervenci\u00f3n ante el acoso escolar, el denominado Programa Laguntza, asesorado por la secci\u00f3n de Convivencia del Departamento de Educaci\u00f3n del Gobierno de Navarra.<\/p>\n\n\n<a href=\"https:\/\/cppaderborn.educacion.navarra.es\/web\/wp-content\/uploads\/2022\/04\/Laguntza.pdf\" class=\"pdfemb-viewer\" style=\"\" data-width=\"max\" data-height=\"max\" data-toolbar=\"bottom\" data-toolbar-fixed=\"off\">Laguntza<\/a>\n<p class=\"wp-block-pdfemb-pdf-embedder-viewer\"><\/p>\n\n\n\n<p><\/p>\n","protected":false},"excerpt":{"rendered":"<p>Desde el curso 2021-2022, nuestro centro est\u00e1 involucrado en el programa de prevenci\u00f3n e intervenci\u00f3n ante el acoso escolar, el denominado Programa Laguntza, asesorado por la secci\u00f3n de Convivencia del Departamento de Educaci\u00f3n del Gobierno de Navarra.<\/p>\n","protected":false},"author":3,"featured_media":0,"parent":0,"menu_order":0,"comment_status":"closed","ping_status":"closed","template":"","meta":{"_genesis_hide_title":false,"_genesis_hide_breadcrumbs":false,"_genesis_hide_singular_image":false,"_genesis_hide_footer_widgets":false,"_genesis_custom_body_class":"","_genesis_custom_post_class":"","_genesis_layout":"full-width-content","jetpack_post_was_ever_published":false,"footnotes":""},"jetpack_sharing_enabled":true,"jetpack_likes_enabled":true,"_links":{"self":[{"href":"https:\/\/cppaderborn.educacion.navarra.es\/web\/wp-json\/wp\/v2\/pages\/3850"}],"collection":[{"href":"https:\/\/cppaderborn.educacion.navarra.es\/web\/wp-json\/wp\/v2\/pages"}],"about":[{"href":"https:\/\/cppaderborn.educacion.navarra.es\/web\/wp-json\/wp\/v2\/types\/page"}],"author":[{"embeddable":true,"href":"https:\/\/cppaderborn.educacion.navarra.es\/web\/wp-json\/wp\/v2\/users\/3"}],"replies":[{"embeddable":true,"href":"https:\/\/cppaderborn.educacion.navarra.es\/web\/wp-json\/wp\/v2\/comments?post=3850"}],"version-history":[{"count":1,"href":"https:\/\/cppaderborn.educacion.navarra.es\/web\/wp-json\/wp\/v2\/pages\/3850\/revisions"}],"predecessor-version":[{"id":3852,"href":"https:\/\/cppaderborn.educacion.navarra.es\/web\/wp-json\/wp\/v2\/pages\/3850\/revisions\/3852"}],"wp:attachment":[{"href":"https:\/\/cppaderborn.educacion.navarra.es\/web\/wp-json\/wp\/v2\/media?parent=3850"}],"curies":[{"name":"wp","href":"https:\/\/api.w.org\/{rel}","templated":true}]}}