{"id":4129,"date":"2022-08-25T10:57:55","date_gmt":"2022-08-25T08:57:55","guid":{"rendered":"https:\/\/cppaderborn.educacion.navarra.es\/web\/?page_id=4129"},"modified":"2024-08-22T10:47:18","modified_gmt":"2024-08-22T08:47:18","slug":"5o-b-ed-primaria","status":"publish","type":"page","link":"https:\/\/cppaderborn.educacion.navarra.es\/web\/aulas-virtuales\/5o-b-ed-primaria\/","title":{"rendered":"5\u00ba B &#8211; Ed. Primaria"},"content":{"rendered":"\t\t<div data-elementor-type=\"wp-page\" data-elementor-id=\"4129\" class=\"elementor elementor-4129\" data-elementor-post-type=\"page\">\n\t\t\t\t\t\t\t\t\t<section class=\"elementor-section elementor-top-section elementor-element elementor-element-0f4b4b4 elementor-section-boxed elementor-section-height-default elementor-section-height-default\" data-id=\"0f4b4b4\" data-element_type=\"section\">\n\t\t\t\t\t\t<div class=\"elementor-container elementor-column-gap-default\">\n\t\t\t\t\t<div class=\"elementor-column elementor-col-100 elementor-top-column elementor-element elementor-element-7908e66\" data-id=\"7908e66\" data-element_type=\"column\">\n\t\t\t<div class=\"elementor-widget-wrap elementor-element-populated\">\n\t\t\t\t\t\t\t\t<div class=\"elementor-element elementor-element-e6cb08c elementor-widget elementor-widget-heading\" data-id=\"e6cb08c\" data-element_type=\"widget\" data-widget_type=\"heading.default\">\n\t\t\t\t<div class=\"elementor-widget-container\">\n\t\t\t<h2 class=\"elementor-heading-title elementor-size-xl\">5\u00ba B de Educaci\u00f3n Primaria<\/h2>\t\t<\/div>\n\t\t\t\t<\/div>\n\t\t\t\t<div class=\"elementor-element elementor-element-a5c4c9b elementor-widget elementor-widget-spacer\" data-id=\"a5c4c9b\" data-element_type=\"widget\" data-widget_type=\"spacer.default\">\n\t\t\t\t<div class=\"elementor-widget-container\">\n\t\t\t\t\t<div class=\"elementor-spacer\">\n\t\t\t<div class=\"elementor-spacer-inner\"><\/div>\n\t\t<\/div>\n\t\t\t\t<\/div>\n\t\t\t\t<\/div>\n\t\t\t\t<div class=\"elementor-element elementor-element-fdff871 elementor-widget elementor-widget-accordion\" data-id=\"fdff871\" data-element_type=\"widget\" data-widget_type=\"accordion.default\">\n\t\t\t\t<div class=\"elementor-widget-container\">\n\t\t\t\t\t<div class=\"elementor-accordion\">\n\t\t\t\t\t\t\t<div class=\"elementor-accordion-item\">\n\t\t\t\t\t<div id=\"elementor-tab-title-2661\" class=\"elementor-tab-title\" data-tab=\"1\" role=\"button\" aria-controls=\"elementor-tab-content-2661\" aria-expanded=\"false\">\n\t\t\t\t\t\t\t\t\t\t\t\t\t<span class=\"elementor-accordion-icon elementor-accordion-icon-left\" aria-hidden=\"true\">\n\t\t\t\t\t\t\t\t\t\t\t\t\t\t\t<span class=\"elementor-accordion-icon-closed\"><i class=\"fas fa-plus\"><\/i><\/span>\n\t\t\t\t\t\t\t\t<span class=\"elementor-accordion-icon-opened\"><i class=\"fas fa-minus\"><\/i><\/span>\n\t\t\t\t\t\t\t\t\t\t\t\t\t\t<\/span>\n\t\t\t\t\t\t\t\t\t\t\t\t<a class=\"elementor-accordion-title\" tabindex=\"0\">Tutor<\/a>\n\t\t\t\t\t<\/div>\n\t\t\t\t\t<div id=\"elementor-tab-content-2661\" class=\"elementor-tab-content elementor-clearfix\" data-tab=\"1\" role=\"region\" aria-labelledby=\"elementor-tab-title-2661\"><p>Por definir<\/p><\/div>\n\t\t\t\t<\/div>\n\t\t\t\t\t\t\t<div class=\"elementor-accordion-item\">\n\t\t\t\t\t<div id=\"elementor-tab-title-2662\" class=\"elementor-tab-title\" data-tab=\"2\" role=\"button\" aria-controls=\"elementor-tab-content-2662\" aria-expanded=\"false\">\n\t\t\t\t\t\t\t\t\t\t\t\t\t<span class=\"elementor-accordion-icon elementor-accordion-icon-left\" aria-hidden=\"true\">\n\t\t\t\t\t\t\t\t\t\t\t\t\t\t\t<span class=\"elementor-accordion-icon-closed\"><i class=\"fas fa-plus\"><\/i><\/span>\n\t\t\t\t\t\t\t\t<span class=\"elementor-accordion-icon-opened\"><i class=\"fas fa-minus\"><\/i><\/span>\n\t\t\t\t\t\t\t\t\t\t\t\t\t\t<\/span>\n\t\t\t\t\t\t\t\t\t\t\t\t<a class=\"elementor-accordion-title\" tabindex=\"0\">Resto del equipo docente<\/a>\n\t\t\t\t\t<\/div>\n\t\t\t\t\t<div id=\"elementor-tab-content-2662\" class=\"elementor-tab-content elementor-clearfix\" data-tab=\"2\" role=\"region\" aria-labelledby=\"elementor-tab-title-2662\"><p><strong>Alem\u00e1n<\/strong>: Niko Br\u00e4mer (<span data-sheets-value=\"{&quot;1&quot;:2,&quot;2&quot;:&quot;nbramerdor@educacion.navarra.es&quot;}\" data-sheets-userformat=\"{&quot;2&quot;:513,&quot;3&quot;:{&quot;1&quot;:0},&quot;12&quot;:0}\">nbramerdor@educacion.navarra.es)<\/span><\/p><p><strong>Castellano<\/strong>: M\u00aa Eva Pastor (<span data-sheets-value=\"{&quot;1&quot;:2,&quot;2&quot;:&quot;epastorf@educacion.navarra.es&quot;}\" data-sheets-userformat=\"{&quot;2&quot;:513,&quot;3&quot;:{&quot;1&quot;:0},&quot;12&quot;:0}\">epastorf@educacion.navarra.es)<\/span><\/p><p><strong>Ingl\u00e9s<\/strong>: Paula Morentin (<span data-sheets-value=\"{&quot;1&quot;:2,&quot;2&quot;:&quot;pmorentlar@educacion.navarra.es&quot;}\" data-sheets-userformat=\"{&quot;2&quot;:12801,&quot;3&quot;:{&quot;1&quot;:0},&quot;12&quot;:0,&quot;15&quot;:&quot;Arial&quot;,&quot;16&quot;:10}\">pmorentlar@educacion.navarra.es)<\/span><\/p><p><strong>Religi\u00f3n<\/strong>: M\u00aa Asunci\u00f3n Aranguren (<span data-sheets-value=\"{\" data-sheets-userformat=\"{\">marangug@educacion.navarra.es)<\/span><\/p><p><strong>Educaci\u00f3n F\u00edsica<\/strong>: Alberto G\u00f3mez-Chac\u00f3n (agomezch@educacion.navarra.es)<\/p><p><strong>M\u00fasica<\/strong>: Elena Vizcay (evizcayoco@educacion.navarra.es)<\/p><\/div>\n\t\t\t\t<\/div>\n\t\t\t\t\t\t\t\t<\/div>\n\t\t\t\t<\/div>\n\t\t\t\t<\/div>\n\t\t\t\t\t<\/div>\n\t\t<\/div>\n\t\t\t\t\t\t\t<\/div>\n\t\t<\/section>\n\t\t\t\t<section class=\"elementor-section elementor-top-section elementor-element elementor-element-10a03ea elementor-section-boxed elementor-section-height-default elementor-section-height-default\" data-id=\"10a03ea\" data-element_type=\"section\">\n\t\t\t\t\t\t<div class=\"elementor-container elementor-column-gap-default\">\n\t\t\t\t\t<div class=\"elementor-column elementor-col-100 elementor-top-column elementor-element elementor-element-5728d77\" data-id=\"5728d77\" data-element_type=\"column\">\n\t\t\t<div class=\"elementor-widget-wrap elementor-element-populated\">\n\t\t\t\t\t\t\t\t<div class=\"elementor-element elementor-element-08cf8f8 elementor-widget elementor-widget-spacer\" data-id=\"08cf8f8\" data-element_type=\"widget\" data-widget_type=\"spacer.default\">\n\t\t\t\t<div class=\"elementor-widget-container\">\n\t\t\t\t\t<div class=\"elementor-spacer\">\n\t\t\t<div class=\"elementor-spacer-inner\"><\/div>\n\t\t<\/div>\n\t\t\t\t<\/div>\n\t\t\t\t<\/div>\n\t\t\t\t<div class=\"elementor-element elementor-element-2edfc4d elementor-widget elementor-widget-heading\" data-id=\"2edfc4d\" data-element_type=\"widget\" data-widget_type=\"heading.default\">\n\t\t\t\t<div class=\"elementor-widget-container\">\n\t\t\t<h2 class=\"elementor-heading-title elementor-size-default\">Aula virtual en Google Classroom<\/h2>\t\t<\/div>\n\t\t\t\t<\/div>\n\t\t\t\t\t<\/div>\n\t\t<\/div>\n\t\t\t\t\t\t\t<\/div>\n\t\t<\/section>\n\t\t\t\t<section class=\"elementor-section elementor-top-section elementor-element elementor-element-f1699b3 elementor-section-boxed elementor-section-height-default elementor-section-height-default\" data-id=\"f1699b3\" data-element_type=\"section\">\n\t\t\t\t\t\t<div class=\"elementor-container elementor-column-gap-default\">\n\t\t\t\t\t<div class=\"elementor-column elementor-col-100 elementor-top-column elementor-element elementor-element-e1f2955\" data-id=\"e1f2955\" data-element_type=\"column\">\n\t\t\t<div class=\"elementor-widget-wrap elementor-element-populated\">\n\t\t\t\t\t\t\t\t<div class=\"elementor-element elementor-element-bf7b33c elementor-widget elementor-widget-image\" data-id=\"bf7b33c\" data-element_type=\"widget\" data-widget_type=\"image.default\">\n\t\t\t\t<div class=\"elementor-widget-container\">\n\t\t\t\t\t\t\t\t\t\t\t\t\t\t\t\t<a href=\"https:\/\/classroom.google.com\/\" target=\"_blank\">\n\t\t\t\t\t\t\t<img decoding=\"async\" width=\"120\" height=\"92\" src=\"https:\/\/cppaderborn.educacion.navarra.es\/web\/wp-content\/uploads\/2020\/08\/120px-Google_Classroom.svg.png\" class=\"attachment-large size-large wp-image-2096\" alt=\"\" \/>\t\t\t\t\t\t\t\t<\/a>\n\t\t\t\t\t\t\t\t\t\t\t\t\t\t\t<\/div>\n\t\t\t\t<\/div>\n\t\t\t\t<div class=\"elementor-element elementor-element-111c060 elementor-widget elementor-widget-text-editor\" data-id=\"111c060\" data-element_type=\"widget\" data-widget_type=\"text-editor.default\">\n\t\t\t\t<div class=\"elementor-widget-container\">\n\t\t\t\t\t\t\t<p>En 5\u00ba, el alumnado tiene acceso a diferentes aulas de <a href=\"https:\/\/classroom.google.com\/\" target=\"_blank\" rel=\"noopener\">Classroom<\/a>, tantas como materias tienen. Pueden entrar a todas ellas iniciando sesi\u00f3n con su cuenta de Educaci\u00f3n (del tipo xxxxxx@educacion.navarra.es) a <a href=\"https:\/\/classroom.google.com\/\" target=\"_blank\" rel=\"noopener\">Google Classroom<\/a>. Aparecer\u00e1n todas las aulas virtuales en las que est\u00e1n matriculados o matriculadas. Tambi\u00e9n se puede acceder directamente desde los siguientes enlaces:<\/p><ul><li><h4><a href=\"https:\/\/classroom.google.com\/u\/1\/c\/NjgxMTU3ODI0MjQz\" target=\"_blank\" rel=\"noopener\">Matem\u00e1ticas<\/a><\/h4><\/li><li><h4><a href=\"https:\/\/classroom.google.com\/u\/1\/c\/NjgxMTU3NzU3MTU4\" target=\"_blank\" rel=\"noopener\">Lengua<\/a><\/h4><\/li><li><h4><a href=\"https:\/\/classroom.google.com\/u\/1\/c\/NjgxMTU3NTAyNzU0\" target=\"_blank\" rel=\"noopener\"><strong>Ciencias Naturales<\/strong><\/a><\/h4><\/li><li><div><h4><a href=\"https:\/\/classroom.google.com\/u\/1\/c\/NzAwODAzNzQxMzg3\" target=\"_blank\" rel=\"noopener\">Ciencias Sociales<\/a><\/h4><\/div><\/li><li><h4><a href=\"https:\/\/classroom.google.com\/u\/1\/c\/NjgxMTU3ODE3NDI0\" target=\"_blank\" rel=\"noopener\">English<\/a><\/h4><\/li><li><h4><a href=\"https:\/\/classroom.google.com\/u\/1\/c\/NzAwODAzNDk3MjEx\" target=\"_blank\" rel=\"noopener\">Deutsch<\/a><\/h4><\/li><li><h4><a href=\"https:\/\/classroom.google.com\/u\/1\/c\/NjgxMTU3MzkwNzM0\" target=\"_blank\" rel=\"noopener\">Religi\u00f3n<\/a><\/h4><\/li><li><h4><a href=\"https:\/\/classroom.google.com\/u\/1\/c\/NjgxMTU3ODA5NjY3\" target=\"_blank\" rel=\"noopener\">M\u00fasica<\/a><\/h4><\/li><li><h4><a href=\"https:\/\/classroom.google.com\/u\/1\/c\/NzAwODAzNzQxNDM5\" target=\"_blank\" rel=\"noopener\"><strong>Pl\u00e1stica<\/strong><\/a><\/h4><\/li><li><h4><a href=\"https:\/\/classroom.google.com\/u\/1\/c\/NjgxMTU3ODAwNzA0\" target=\"_blank\" rel=\"noopener\">Educaci\u00f3n F\u00edsica<\/a><\/h4><\/li><\/ul><h4>\u00a0<\/h4>\t\t\t\t\t\t<\/div>\n\t\t\t\t<\/div>\n\t\t\t\t<div class=\"elementor-element elementor-element-bcd3b79 elementor-widget elementor-widget-heading\" data-id=\"bcd3b79\" data-element_type=\"widget\" data-widget_type=\"heading.default\">\n\t\t\t\t<div class=\"elementor-widget-container\">\n\t\t\t<h2 class=\"elementor-heading-title elementor-size-default\"><a href=\"https:\/\/classroom.google.com\/\" target=\"_blank\">Acceso<\/a><\/h2>\t\t<\/div>\n\t\t\t\t<\/div>\n\t\t\t\t\t<\/div>\n\t\t<\/div>\n\t\t\t\t\t\t\t<\/div>\n\t\t<\/section>\n\t\t\t\t<section class=\"elementor-section elementor-top-section elementor-element elementor-element-aa76c97 elementor-section-boxed elementor-section-height-default elementor-section-height-default\" data-id=\"aa76c97\" data-element_type=\"section\">\n\t\t\t\t\t\t<div class=\"elementor-container elementor-column-gap-default\">\n\t\t\t\t\t<div class=\"elementor-column elementor-col-100 elementor-top-column elementor-element elementor-element-4c616f3\" data-id=\"4c616f3\" data-element_type=\"column\">\n\t\t\t<div class=\"elementor-widget-wrap elementor-element-populated\">\n\t\t\t\t\t\t\t\t<div class=\"elementor-element elementor-element-2b5ab0c elementor-widget elementor-widget-spacer\" data-id=\"2b5ab0c\" data-element_type=\"widget\" data-widget_type=\"spacer.default\">\n\t\t\t\t<div class=\"elementor-widget-container\">\n\t\t\t\t\t<div class=\"elementor-spacer\">\n\t\t\t<div class=\"elementor-spacer-inner\"><\/div>\n\t\t<\/div>\n\t\t\t\t<\/div>\n\t\t\t\t<\/div>\n\t\t\t\t<div class=\"elementor-element elementor-element-00eeabc elementor-widget elementor-widget-heading\" data-id=\"00eeabc\" data-element_type=\"widget\" data-widget_type=\"heading.default\">\n\t\t\t\t<div class=\"elementor-widget-container\">\n\t\t\t<h2 class=\"elementor-heading-title elementor-size-default\">Contactar con la tutora directamente<\/h2>\t\t<\/div>\n\t\t\t\t<\/div>\n\t\t\t\t<div class=\"elementor-element elementor-element-6a5f808 elementor-button-align-stretch elementor-widget elementor-widget-form\" data-id=\"6a5f808\" data-element_type=\"widget\" data-settings=\"{&quot;step_next_label&quot;:&quot;Siguiente&quot;,&quot;step_previous_label&quot;:&quot;Anterior&quot;,&quot;button_width&quot;:&quot;100&quot;,&quot;step_type&quot;:&quot;number_text&quot;,&quot;step_icon_shape&quot;:&quot;circle&quot;}\" data-widget_type=\"form.default\">\n\t\t\t\t<div class=\"elementor-widget-container\">\n\t\t\t\t\t<form class=\"elementor-form\" method=\"post\" name=\"Nuevo formulario\">\n\t\t\t<input type=\"hidden\" name=\"post_id\" value=\"4129\"\/>\n\t\t\t<input type=\"hidden\" name=\"form_id\" value=\"6a5f808\"\/>\n\t\t\t<input type=\"hidden\" name=\"referer_title\" value=\"\" \/>\n\n\t\t\t\n\t\t\t<div class=\"elementor-form-fields-wrapper elementor-labels-above\">\n\t\t\t\t\t\t\t\t<div class=\"elementor-field-type-text elementor-field-group elementor-column elementor-field-group-name elementor-col-100\">\n\t\t\t\t\t\t\t\t\t\t\t\t<label for=\"form-field-name\" class=\"elementor-field-label\">\n\t\t\t\t\t\t\t\tNombre del alumno o alumna\t\t\t\t\t\t\t<\/label>\n\t\t\t\t\t\t\t\t\t\t\t\t\t\t<input size=\"1\" type=\"text\" name=\"form_fields[name]\" id=\"form-field-name\" class=\"elementor-field elementor-size-sm  elementor-field-textual\" placeholder=\"Nombre\">\n\t\t\t\t\t\t\t\t\t\t\t<\/div>\n\t\t\t\t\t\t\t\t<div class=\"elementor-field-type-email elementor-field-group elementor-column elementor-field-group-email elementor-col-100 elementor-field-required\">\n\t\t\t\t\t\t\t\t\t\t\t\t<label for=\"form-field-email\" class=\"elementor-field-label\">\n\t\t\t\t\t\t\t\tEmail de la familia\t\t\t\t\t\t\t<\/label>\n\t\t\t\t\t\t\t\t\t\t\t\t\t\t<input size=\"1\" type=\"email\" name=\"form_fields[email]\" id=\"form-field-email\" class=\"elementor-field elementor-size-sm  elementor-field-textual\" placeholder=\"Email\" required=\"required\" aria-required=\"true\">\n\t\t\t\t\t\t\t\t\t\t\t<\/div>\n\t\t\t\t\t\t\t\t<div class=\"elementor-field-type-textarea elementor-field-group elementor-column elementor-field-group-message elementor-col-100\">\n\t\t\t\t\t\t\t\t\t\t\t\t<label for=\"form-field-message\" class=\"elementor-field-label\">\n\t\t\t\t\t\t\t\tMensaje\t\t\t\t\t\t\t<\/label>\n\t\t\t\t\t\t<textarea class=\"elementor-field-textual elementor-field  elementor-size-sm\" name=\"form_fields[message]\" id=\"form-field-message\" rows=\"4\" placeholder=\"Mensaje\"><\/textarea>\t\t\t\t<\/div>\n\t\t\t\t\t\t\t\t<div class=\"elementor-field-group elementor-column elementor-field-type-submit elementor-col-100 e-form__buttons\">\n\t\t\t\t\t<button type=\"submit\" class=\"elementor-button elementor-size-sm\">\n\t\t\t\t\t\t<span >\n\t\t\t\t\t\t\t\t\t\t\t\t\t\t\t<span class=\" elementor-button-icon\">\n\t\t\t\t\t\t\t\t\t\t\t\t\t\t\t\t\t\t\t\t\t\t\t\t\t\t<\/span>\n\t\t\t\t\t\t\t\t\t\t\t\t\t\t\t\t\t\t\t\t\t\t<span class=\"elementor-button-text\">Enviar<\/span>\n\t\t\t\t\t\t\t\t\t\t\t\t\t<\/span>\n\t\t\t\t\t<\/button>\n\t\t\t\t<\/div>\n\t\t\t<\/div>\n\t\t<\/form>\n\t\t\t\t<\/div>\n\t\t\t\t<\/div>\n\t\t\t\t\t<\/div>\n\t\t<\/div>\n\t\t\t\t\t\t\t<\/div>\n\t\t<\/section>\n\t\t\t\t\t\t\t<\/div>\n\t\t","protected":false},"excerpt":{"rendered":"<p>5\u00ba B de Educaci\u00f3n Primaria Tutor Por definir Resto del equipo docente Alem\u00e1n: Niko Br\u00e4mer (nbramerdor@educacion.navarra.es) Castellano: M\u00aa Eva Pastor (epastorf@educacion.navarra.es) Ingl\u00e9s: Paula Morentin (pmorentlar@educacion.navarra.es) Religi\u00f3n: M\u00aa Asunci\u00f3n Aranguren (marangug@educacion.navarra.es) Educaci\u00f3n F\u00edsica: Alberto G\u00f3mez-Chac\u00f3n (agomezch@educacion.navarra.es) M\u00fasica: Elena Vizcay (evizcayoco@educacion.navarra.es) Aula virtual en Google Classroom En 5\u00ba, el alumnado tiene acceso a diferentes aulas de Classroom, [&hellip;]<\/p>\n","protected":false},"author":3,"featured_media":0,"parent":1954,"menu_order":0,"comment_status":"closed","ping_status":"closed","template":"","meta":{"_genesis_hide_title":true,"_genesis_hide_breadcrumbs":false,"_genesis_hide_singular_image":false,"_genesis_hide_footer_widgets":false,"_genesis_custom_body_class":"","_genesis_custom_post_class":"","_genesis_layout":"full-width-content","jetpack_post_was_ever_published":false,"footnotes":""},"jetpack_sharing_enabled":false,"jetpack_likes_enabled":false,"_links":{"self":[{"href":"https:\/\/cppaderborn.educacion.navarra.es\/web\/wp-json\/wp\/v2\/pages\/4129"}],"collection":[{"href":"https:\/\/cppaderborn.educacion.navarra.es\/web\/wp-json\/wp\/v2\/pages"}],"about":[{"href":"https:\/\/cppaderborn.educacion.navarra.es\/web\/wp-json\/wp\/v2\/types\/page"}],"author":[{"embeddable":true,"href":"https:\/\/cppaderborn.educacion.navarra.es\/web\/wp-json\/wp\/v2\/users\/3"}],"replies":[{"embeddable":true,"href":"https:\/\/cppaderborn.educacion.navarra.es\/web\/wp-json\/wp\/v2\/comments?post=4129"}],"version-history":[{"count":28,"href":"https:\/\/cppaderborn.educacion.navarra.es\/web\/wp-json\/wp\/v2\/pages\/4129\/revisions"}],"predecessor-version":[{"id":6517,"href":"https:\/\/cppaderborn.educacion.navarra.es\/web\/wp-json\/wp\/v2\/pages\/4129\/revisions\/6517"}],"up":[{"embeddable":true,"href":"https:\/\/cppaderborn.educacion.navarra.es\/web\/wp-json\/wp\/v2\/pages\/1954"}],"wp:attachment":[{"href":"https:\/\/cppaderborn.educacion.navarra.es\/web\/wp-json\/wp\/v2\/media?parent=4129"}],"curies":[{"name":"wp","href":"https:\/\/api.w.org\/{rel}","templated":true}]}}