{"id":4462,"date":"2023-03-30T12:07:45","date_gmt":"2023-03-30T10:07:45","guid":{"rendered":"https:\/\/cppaderborn.educacion.navarra.es\/web\/?page_id=4462"},"modified":"2024-06-07T11:52:33","modified_gmt":"2024-06-07T09:52:33","slug":"linea-educativa","status":"publish","type":"page","link":"https:\/\/cppaderborn.educacion.navarra.es\/web\/linea-educativa\/","title":{"rendered":"L\u00ednea educativa"},"content":{"rendered":"\t\t<div data-elementor-type=\"wp-page\" data-elementor-id=\"4462\" class=\"elementor elementor-4462\" data-elementor-post-type=\"page\">\n\t\t\t\t\t\t\t\t\t<section class=\"elementor-section elementor-top-section elementor-element elementor-element-1f63e4c elementor-section-full_width elementor-section-height-default elementor-section-height-default\" data-id=\"1f63e4c\" data-element_type=\"section\">\n\t\t\t\t\t\t<div class=\"elementor-container elementor-column-gap-default\">\n\t\t\t\t\t<div class=\"elementor-column elementor-col-100 elementor-top-column elementor-element elementor-element-d7551b8\" data-id=\"d7551b8\" data-element_type=\"column\">\n\t\t\t<div class=\"elementor-widget-wrap elementor-element-populated\">\n\t\t\t\t\t\t\t\t<div class=\"elementor-element elementor-element-ffa140d elementor-widget elementor-widget-template\" data-id=\"ffa140d\" data-element_type=\"widget\" data-widget_type=\"template.default\">\n\t\t\t\t<div class=\"elementor-widget-container\">\n\t\t\t\t\t<div class=\"elementor-template\">\n\t\t\t\t\t<div data-elementor-type=\"section\" data-elementor-id=\"5450\" class=\"elementor elementor-5450\" data-elementor-post-type=\"elementor_library\">\n\t\t\t\t\t\t\t\t<section class=\"elementor-section elementor-top-section elementor-element elementor-element-3c0f4e92 elementor-section-full_width elementor-section-height-min-height elementor-section-height-default elementor-section-items-middle\" data-id=\"3c0f4e92\" data-element_type=\"section\">\n\t\t\t\t\t\t\t<div class=\"elementor-background-overlay\"><\/div>\n\t\t\t\t\t\t\t<div class=\"elementor-container elementor-column-gap-default\">\n\t\t\t\t\t<div class=\"elementor-column elementor-col-100 elementor-top-column elementor-element elementor-element-a2b5d8d\" data-id=\"a2b5d8d\" data-element_type=\"column\">\n\t\t\t<div class=\"elementor-widget-wrap elementor-element-populated\">\n\t\t\t\t\t\t\t\t<div class=\"elementor-element elementor-element-20b9a9cd elementor-widget elementor-widget-heading\" data-id=\"20b9a9cd\" data-element_type=\"widget\" data-widget_type=\"heading.default\">\n\t\t\t\t<div class=\"elementor-widget-container\">\n\t\t\t<h2 class=\"elementor-heading-title elementor-size-xl\">Proyecto Educativo<\/h2>\t\t<\/div>\n\t\t\t\t<\/div>\n\t\t\t\t\t<\/div>\n\t\t<\/div>\n\t\t\t\t\t\t\t<\/div>\n\t\t<\/section>\n\t\t\t\t\t\t<\/div>\n\t\t\t\t<\/div>\n\t\t\t\t<\/div>\n\t\t\t\t<\/div>\n\t\t\t\t\t<\/div>\n\t\t<\/div>\n\t\t\t\t\t\t\t<\/div>\n\t\t<\/section>\n\t\t\t\t<section class=\"elementor-section elementor-top-section elementor-element elementor-element-2bd2671 elementor-section-boxed elementor-section-height-default elementor-section-height-default\" data-id=\"2bd2671\" data-element_type=\"section\">\n\t\t\t\t\t\t<div class=\"elementor-container elementor-column-gap-default\">\n\t\t\t\t\t<div class=\"elementor-column elementor-col-100 elementor-top-column elementor-element elementor-element-9dd9fa0\" data-id=\"9dd9fa0\" data-element_type=\"column\">\n\t\t\t<div class=\"elementor-widget-wrap elementor-element-populated\">\n\t\t\t\t\t\t\t\t<div class=\"elementor-element elementor-element-24de862 elementor-widget elementor-widget-spacer\" data-id=\"24de862\" data-element_type=\"widget\" data-widget_type=\"spacer.default\">\n\t\t\t\t<div class=\"elementor-widget-container\">\n\t\t\t\t\t<div class=\"elementor-spacer\">\n\t\t\t<div class=\"elementor-spacer-inner\"><\/div>\n\t\t<\/div>\n\t\t\t\t<\/div>\n\t\t\t\t<\/div>\n\t\t\t\t<div class=\"elementor-element elementor-element-0d3bec0 elementor-widget elementor-widget-heading\" data-id=\"0d3bec0\" data-element_type=\"widget\" data-widget_type=\"heading.default\">\n\t\t\t\t<div class=\"elementor-widget-container\">\n\t\t\t<h2 class=\"elementor-heading-title elementor-size-large\">L\u00ednea pedag\u00f3gica-did\u00e1ctica<\/h2>\t\t<\/div>\n\t\t\t\t<\/div>\n\t\t\t\t\t<\/div>\n\t\t<\/div>\n\t\t\t\t\t\t\t<\/div>\n\t\t<\/section>\n\t\t\t\t<section class=\"elementor-section elementor-top-section elementor-element elementor-element-27bd062 elementor-section-boxed elementor-section-height-default elementor-section-height-default\" data-id=\"27bd062\" data-element_type=\"section\">\n\t\t\t\t\t\t<div class=\"elementor-container elementor-column-gap-default\">\n\t\t\t\t\t<div class=\"elementor-column elementor-col-33 elementor-top-column elementor-element elementor-element-12f8fb7\" data-id=\"12f8fb7\" data-element_type=\"column\">\n\t\t\t<div class=\"elementor-widget-wrap elementor-element-populated\">\n\t\t\t\t\t\t\t\t<div class=\"elementor-element elementor-element-206a5ee elementor-widget elementor-widget-image\" data-id=\"206a5ee\" data-element_type=\"widget\" data-widget_type=\"image.default\">\n\t\t\t\t<div class=\"elementor-widget-container\">\n\t\t\t\t\t\t\t\t\t\t\t\t\t\t\t\t<a href=\"https:\/\/sites.google.com\/educacion.navarra.es\/plcnavarra\/inicio?authuser=0\" target=\"_blank\">\n\t\t\t\t\t\t\t<img decoding=\"async\" src=\"https:\/\/cppaderborn.educacion.navarra.es\/web\/wp-content\/uploads\/elementor\/thumbs\/PLC-q8kgzyealzyfwuorr79ckwxk9gkav5w1ysud1bipqo.jpg\" title=\"PLC\" alt=\"PLC\" loading=\"lazy\" \/>\t\t\t\t\t\t\t\t<\/a>\n\t\t\t\t\t\t\t\t\t\t\t\t\t\t\t<\/div>\n\t\t\t\t<\/div>\n\t\t\t\t<div class=\"elementor-element elementor-element-6ee6b03 elementor-widget elementor-widget-heading\" data-id=\"6ee6b03\" data-element_type=\"widget\" data-widget_type=\"heading.default\">\n\t\t\t\t<div class=\"elementor-widget-container\">\n\t\t\t<h3 class=\"elementor-heading-title elementor-size-small\"><a href=\"https:\/\/sites.google.com\/educacion.navarra.es\/plcnavarra\/inicio?authuser=0\" target=\"_blank\"><h3 data-elementor-setting-key=\"title_text\" data-elementor-inline-editing-toolbar=\"none\" data-pen-placeholder=\"Teclea aqu\u00ed...\" style=\"color: var( --e-global-color-primary ); font-weight: var( --e-global-typography-primary-font-weight ); font-family: var( --e-global-typography-primary-font-family ), Sans-serif; text-align: center;\">Proyecto Ling\u00fc\u00edstico de Centro (PLC)<\/h3><\/a><\/h3>\t\t<\/div>\n\t\t\t\t<\/div>\n\t\t\t\t<div class=\"elementor-element elementor-element-fa4fdb9 elementor-widget elementor-widget-text-editor\" data-id=\"fa4fdb9\" data-element_type=\"widget\" data-widget_type=\"text-editor.default\">\n\t\t\t\t<div class=\"elementor-widget-container\">\n\t\t\t\t\t\t\t<p style=\"text-align: center;\"><span style=\"text-align: start;\">El Proyecto Ling\u00fc\u00edstico de Centro (PLC) recoge la coordinaci\u00f3n y el tratamiento integrado de las lenguas y el fomento del multiling\u00fcismo y de la diversidad ling\u00fc\u00edstica de nuestro centro.<\/span><\/p>\t\t\t\t\t\t<\/div>\n\t\t\t\t<\/div>\n\t\t\t\t\t<\/div>\n\t\t<\/div>\n\t\t\t\t<div class=\"elementor-column elementor-col-33 elementor-top-column elementor-element elementor-element-59f25a1\" data-id=\"59f25a1\" data-element_type=\"column\">\n\t\t\t<div class=\"elementor-widget-wrap elementor-element-populated\">\n\t\t\t\t\t\t\t\t<div class=\"elementor-element elementor-element-8d85eb2 elementor-widget elementor-widget-image\" data-id=\"8d85eb2\" data-element_type=\"widget\" data-widget_type=\"image.default\">\n\t\t\t\t<div class=\"elementor-widget-container\">\n\t\t\t\t\t\t\t\t\t\t\t\t\t\t\t\t<a href=\"https:\/\/www.educacion.navarra.es\/web\/dpto\/atencion-a-la-diversidad\" target=\"_blank\">\n\t\t\t\t\t\t\t<img decoding=\"async\" src=\"https:\/\/cppaderborn.educacion.navarra.es\/web\/wp-content\/uploads\/elementor\/thumbs\/tercertrimestre2022-scaled-q8kgzyealzyfwuorr79ckwxk9gkav5w1ysud1bipqo.jpg\" title=\"tercertrimestre2022\" alt=\"tercertrimestre2022\" loading=\"lazy\" \/>\t\t\t\t\t\t\t\t<\/a>\n\t\t\t\t\t\t\t\t\t\t\t\t\t\t\t<\/div>\n\t\t\t\t<\/div>\n\t\t\t\t<div class=\"elementor-element elementor-element-d274913 elementor-widget elementor-widget-heading\" data-id=\"d274913\" data-element_type=\"widget\" data-widget_type=\"heading.default\">\n\t\t\t\t<div class=\"elementor-widget-container\">\n\t\t\t<h3 class=\"elementor-heading-title elementor-size-small\"><a href=\"https:\/\/www.educacion.navarra.es\/web\/dpto\/atencion-a-la-diversidad\" target=\"_blank\"><h3 data-elementor-setting-key=\"title_text\" data-elementor-inline-editing-toolbar=\"none\" data-pen-placeholder=\"Teclea aqu\u00ed...\" style=\"color: var( --e-global-color-primary ); font-weight: var( --e-global-typography-primary-font-weight ); font-family: var( --e-global-typography-primary-font-family ), Sans-serif; text-align: center;\">Atenci\u00f3n a la diversidad. Inclusi\u00f3n educativa<\/h3><\/a><\/h3>\t\t<\/div>\n\t\t\t\t<\/div>\n\t\t\t\t<div class=\"elementor-element elementor-element-380a90a elementor-widget elementor-widget-text-editor\" data-id=\"380a90a\" data-element_type=\"widget\" data-widget_type=\"text-editor.default\">\n\t\t\t\t<div class=\"elementor-widget-container\">\n\t\t\t\t\t\t\t<p><span style=\"color: #000c28; font-family: Raleway, sans-serif;\">El Plan de Atenci\u00f3n a la Diversidad que nuestro centro elabora recoge las medidas organizativas ordinarias y extraordinarias para dar respuesta a las necesidades educativas de todo el alumnado.<\/span><\/p>\t\t\t\t\t\t<\/div>\n\t\t\t\t<\/div>\n\t\t\t\t\t<\/div>\n\t\t<\/div>\n\t\t\t\t<div class=\"elementor-column elementor-col-33 elementor-top-column elementor-element elementor-element-50bc26d\" data-id=\"50bc26d\" data-element_type=\"column\">\n\t\t\t<div class=\"elementor-widget-wrap elementor-element-populated\">\n\t\t\t\t\t\t\t\t<div class=\"elementor-element elementor-element-3b0ebaa elementor-widget elementor-widget-image\" data-id=\"3b0ebaa\" data-element_type=\"widget\" data-widget_type=\"image.default\">\n\t\t\t\t<div class=\"elementor-widget-container\">\n\t\t\t\t\t\t\t\t\t\t\t\t\t\t\t\t<a href=\"https:\/\/sites.google.com\/educacion.navarra.es\/pdcpaderborn\/home\" target=\"_blank\">\n\t\t\t\t\t\t\t<img decoding=\"async\" src=\"https:\/\/cppaderborn.educacion.navarra.es\/web\/wp-content\/uploads\/elementor\/thumbs\/pdc-q8kgzyealzyfwuorr79ckwxk9gkav5w1ysud1bipqo.jpg\" title=\"pdc\" alt=\"pdc\" loading=\"lazy\" \/>\t\t\t\t\t\t\t\t<\/a>\n\t\t\t\t\t\t\t\t\t\t\t\t\t\t\t<\/div>\n\t\t\t\t<\/div>\n\t\t\t\t<div class=\"elementor-element elementor-element-2511854 elementor-widget elementor-widget-heading\" data-id=\"2511854\" data-element_type=\"widget\" data-widget_type=\"heading.default\">\n\t\t\t\t<div class=\"elementor-widget-container\">\n\t\t\t<h2 class=\"elementor-heading-title elementor-size-small\"><a href=\"https:\/\/sites.google.com\/educacion.navarra.es\/pdcpaderborn\/home\" target=\"_blank\"><h3 data-elementor-setting-key=\"title_text\" data-elementor-inline-editing-toolbar=\"none\" data-pen-placeholder=\"Teclea aqu\u00ed...\" style=\"color: var( --e-global-color-primary ); font-weight: var( --e-global-typography-primary-font-weight ); font-family: var( --e-global-typography-primary-font-family ), Sans-serif; text-align: center;\">Innovaci\u00f3n Educativa<\/h3><\/a><\/h2>\t\t<\/div>\n\t\t\t\t<\/div>\n\t\t\t\t<div class=\"elementor-element elementor-element-b950d2e elementor-widget elementor-widget-text-editor\" data-id=\"b950d2e\" data-element_type=\"widget\" data-widget_type=\"text-editor.default\">\n\t\t\t\t<div class=\"elementor-widget-container\">\n\t\t\t\t\t\t\t<p>El Plan Digital de Centro (PDC) es el instrumento que adec\u00faa y facilita el uso de los medios digitales en el proceso de ense\u00f1anza-aprendizaje, entendido desde el objetivo del desarrollo pleno e integral del alumnado.<\/p>\t\t\t\t\t\t<\/div>\n\t\t\t\t<\/div>\n\t\t\t\t\t<\/div>\n\t\t<\/div>\n\t\t\t\t\t\t\t<\/div>\n\t\t<\/section>\n\t\t\t\t<section class=\"elementor-section elementor-top-section elementor-element elementor-element-dab880f elementor-section-boxed elementor-section-height-default elementor-section-height-default\" data-id=\"dab880f\" data-element_type=\"section\">\n\t\t\t\t\t\t<div class=\"elementor-container elementor-column-gap-default\">\n\t\t\t\t\t<div class=\"elementor-column elementor-col-33 elementor-top-column elementor-element elementor-element-23ef448\" data-id=\"23ef448\" data-element_type=\"column\">\n\t\t\t<div class=\"elementor-widget-wrap elementor-element-populated\">\n\t\t\t\t\t\t\t\t<div class=\"elementor-element elementor-element-fd46766 elementor-widget elementor-widget-image\" data-id=\"fd46766\" data-element_type=\"widget\" data-widget_type=\"image.default\">\n\t\t\t\t<div class=\"elementor-widget-container\">\n\t\t\t\t\t\t\t\t\t\t\t\t\t\t\t\t<a href=\"https:\/\/sites.google.com\/educacion.navarra.es\/educacinparalasaludemocional\/inicio\" target=\"_blank\">\n\t\t\t\t\t\t\t<img decoding=\"async\" src=\"https:\/\/cppaderborn.educacion.navarra.es\/web\/wp-content\/uploads\/elementor\/thumbs\/laguntza-logo2-q8kgzyealzyfwuorr79ckwxk9gkav5w1ysud1bipqo.jpg\" title=\"laguntza logo2\" alt=\"laguntza logo2\" loading=\"lazy\" \/>\t\t\t\t\t\t\t\t<\/a>\n\t\t\t\t\t\t\t\t\t\t\t\t\t\t\t<\/div>\n\t\t\t\t<\/div>\n\t\t\t\t<div class=\"elementor-element elementor-element-65fd146 elementor-widget elementor-widget-heading\" data-id=\"65fd146\" data-element_type=\"widget\" data-widget_type=\"heading.default\">\n\t\t\t\t<div class=\"elementor-widget-container\">\n\t\t\t<h2 class=\"elementor-heading-title elementor-size-small\"><a href=\"https:\/\/sites.google.com\/educacion.navarra.es\/educacinparalasaludemocional\/inicio\" target=\"_blank\"><h3 data-elementor-setting-key=\"title_text\" data-elementor-inline-editing-toolbar=\"none\" data-pen-placeholder=\"Teclea aqu\u00ed...\" style=\"color: var( --e-global-color-primary ); font-weight: var( --e-global-typography-primary-font-weight ); font-family: var( --e-global-typography-primary-font-family ), Sans-serif; text-align: center;\">Educaci\u00f3n Emocional<\/h3><\/a><\/h2>\t\t<\/div>\n\t\t\t\t<\/div>\n\t\t\t\t<div class=\"elementor-element elementor-element-ec55e28 elementor-widget elementor-widget-text-editor\" data-id=\"ec55e28\" data-element_type=\"widget\" data-widget_type=\"text-editor.default\">\n\t\t\t\t<div class=\"elementor-widget-container\">\n\t\t\t\t\t\t\t<p><span style=\"font-size: 12pt; font-family: Arial, sans-serif; color: #666666; background-color: transparent; font-variant-numeric: normal; font-variant-east-asian: normal; font-variant-alternates: normal; font-variant-position: normal; vertical-align: baseline; white-space-collapse: preserve;\">El programa \u00abEducaci\u00f3n Emocional en las Aulas\u00bb tiene como objetivo promover el desarrollo de la inteligencia emocional de todas las personas y la convivencia dentro del centro educativo. <\/span><\/p><p><span style=\"font-size: 12pt; font-family: Arial, sans-serif; color: #666666; background-color: transparent; font-variant-numeric: normal; font-variant-east-asian: normal; font-variant-alternates: normal; font-variant-position: normal; vertical-align: baseline; white-space-collapse: preserve;\"><span style=\"font-variant-ligatures: none; white-space-collapse: collapse; color: #595f6b; font-family: Arial; font-size: 12pt; vertical-align: baseline;\">Es un programa para la\u00a0<\/span><span style=\"font-variant-ligatures: none; white-space-collapse: collapse; color: #595f6b; font-family: Arial; font-size: 12pt; vertical-align: baseline;\">promoci\u00f3n del bienestar emocional en las aulas de forma activa.<\/span><br \/><\/span><\/p>\t\t\t\t\t\t<\/div>\n\t\t\t\t<\/div>\n\t\t\t\t\t<\/div>\n\t\t<\/div>\n\t\t\t\t<div class=\"elementor-column elementor-col-33 elementor-top-column elementor-element elementor-element-853f477\" data-id=\"853f477\" data-element_type=\"column\">\n\t\t\t<div class=\"elementor-widget-wrap elementor-element-populated\">\n\t\t\t\t\t\t\t\t<div class=\"elementor-element elementor-element-eb760a4 elementor-widget elementor-widget-image\" data-id=\"eb760a4\" data-element_type=\"widget\" data-widget_type=\"image.default\">\n\t\t\t\t<div class=\"elementor-widget-container\">\n\t\t\t\t\t\t\t\t\t\t\t\t\t\t\t\t<a href=\"https:\/\/sites.google.com\/educacion.navarra.es\/proyectodesaludfsica\/inicio\" target=\"_blank\">\n\t\t\t\t\t\t\t<img decoding=\"async\" src=\"https:\/\/cppaderborn.educacion.navarra.es\/web\/wp-content\/uploads\/elementor\/thumbs\/Grafico-Circular-Mapa-Mental-a-Lineas-Colorido-Fondo-Oscuro-Portada-de-Facebook-qpayhf3hh9ockzy2tkphnc68veyds8z6y84p3fr2s0.jpg\" title=\"Gr\u00e1fico Circular Mapa Mental a L\u00edneas Colorido Fondo Oscuro (Portada de Facebook)\" alt=\"Gr\u00e1fico Circular Mapa Mental a L\u00edneas Colorido Fondo Oscuro (Portada de Facebook)\" loading=\"lazy\" \/>\t\t\t\t\t\t\t\t<\/a>\n\t\t\t\t\t\t\t\t\t\t\t\t\t\t\t<\/div>\n\t\t\t\t<\/div>\n\t\t\t\t<div class=\"elementor-element elementor-element-e2a7047 elementor-widget elementor-widget-heading\" data-id=\"e2a7047\" data-element_type=\"widget\" data-widget_type=\"heading.default\">\n\t\t\t\t<div class=\"elementor-widget-container\">\n\t\t\t<h2 class=\"elementor-heading-title elementor-size-medium\"><a href=\"https:\/\/sites.google.com\/educacion.navarra.es\/proyectodesaludfsica\/inicio\" target=\"_blank\"><h3 data-elementor-setting-key=\"title_text\" data-elementor-inline-editing-toolbar=\"none\" data-pen-placeholder=\"Teclea aqu\u00ed...\" style=\"color: var( --e-global-color-primary ); font-weight: var( --e-global-typography-primary-font-weight ); font-family: var( --e-global-typography-primary-font-family ), Sans-serif; text-align: center;\">Educaci\u00f3n para la Salud F\u00edsica. Escuela promotora de salud<\/h3><\/a><\/h2>\t\t<\/div>\n\t\t\t\t<\/div>\n\t\t\t\t<div class=\"elementor-element elementor-element-9d5adbd elementor-widget elementor-widget-text-editor\" data-id=\"9d5adbd\" data-element_type=\"widget\" data-widget_type=\"text-editor.default\">\n\t\t\t\t<div class=\"elementor-widget-container\">\n\t\t\t\t\t\t\t<p>El objetivo de nuestro proyecto de salud es mejorar y mantener la salud de los escolares mediante la promoci\u00f3n de h\u00e1bitos saludables, la prevenci\u00f3n de enfermedades y problemas de salud y la actuaci\u00f3n asistencial ante los accidentes que se puedan producir en el \u00e1mbito escolar.<\/p>\t\t\t\t\t\t<\/div>\n\t\t\t\t<\/div>\n\t\t\t\t\t<\/div>\n\t\t<\/div>\n\t\t\t\t<div class=\"elementor-column elementor-col-33 elementor-top-column elementor-element elementor-element-5a35093\" data-id=\"5a35093\" data-element_type=\"column\">\n\t\t\t<div class=\"elementor-widget-wrap elementor-element-populated\">\n\t\t\t\t\t\t\t\t<div class=\"elementor-element elementor-element-40c2ac6 elementor-widget elementor-widget-image\" data-id=\"40c2ac6\" data-element_type=\"widget\" data-widget_type=\"image.default\">\n\t\t\t\t<div class=\"elementor-widget-container\">\n\t\t\t\t\t\t\t\t\t\t\t\t\t\t\t\t<a href=\"https:\/\/sites.google.com\/educacion.navarra.es\/proyectodesaludsocial\/inicio\" target=\"_blank\">\n\t\t\t\t\t\t\t<img decoding=\"async\" src=\"https:\/\/cppaderborn.educacion.navarra.es\/web\/wp-content\/uploads\/elementor\/thumbs\/Skolae-1-q8kgzwim8bvv9mri26g3fxen2otkfrolajje2rli34.jpg\" title=\"Skolae\" alt=\"Skolae\" loading=\"lazy\" \/>\t\t\t\t\t\t\t\t<\/a>\n\t\t\t\t\t\t\t\t\t\t\t\t\t\t\t<\/div>\n\t\t\t\t<\/div>\n\t\t\t\t<div class=\"elementor-element elementor-element-6341878 elementor-widget elementor-widget-heading\" data-id=\"6341878\" data-element_type=\"widget\" data-widget_type=\"heading.default\">\n\t\t\t\t<div class=\"elementor-widget-container\">\n\t\t\t<h2 class=\"elementor-heading-title elementor-size-medium\"><a href=\"https:\/\/sites.google.com\/educacion.navarra.es\/proyectodesaludsocial\/inicio\" target=\"_blank\"><h3 data-elementor-setting-key=\"title_text\" data-elementor-inline-editing-toolbar=\"none\" data-pen-placeholder=\"Teclea aqu\u00ed...\" style=\"color: var( --e-global-color-primary ); font-weight: var( --e-global-typography-primary-font-weight ); font-family: var( --e-global-typography-primary-font-family ), Sans-serif; text-align: center;\">Educaci\u00f3n en Igualdad y Convivencia<\/h3><\/a><\/h2>\t\t<\/div>\n\t\t\t\t<\/div>\n\t\t\t\t<div class=\"elementor-element elementor-element-348f85c elementor-widget elementor-widget-text-editor\" data-id=\"348f85c\" data-element_type=\"widget\" data-widget_type=\"text-editor.default\">\n\t\t\t\t<div class=\"elementor-widget-container\">\n\t\t\t\t\t\t\t<p><a href=\"http:\/\/SKOLAE inspira el trabajo de los centros y comunidades educativas de Navarra para facilitar a todo el alumnado la posibilidad de APRENDER A VIVIR EN IGUALDAD.\" target=\"_blank\" rel=\"noopener\">Skolae<\/a> inspira el trabajo de los centros y comunidades educativas de Navarra para facilitar a todo el alumnado la posibilidad de aprender a vivir en igualdad. Un proceso que se debe asentar en el conocimiento, la libertad y la capacidad de decidir sobre el futuro.<\/p>\t\t\t\t\t\t<\/div>\n\t\t\t\t<\/div>\n\t\t\t\t\t<\/div>\n\t\t<\/div>\n\t\t\t\t\t\t\t<\/div>\n\t\t<\/section>\n\t\t\t\t\t\t\t<\/div>\n\t\t","protected":false},"excerpt":{"rendered":"<p>L\u00ednea pedag\u00f3gica-did\u00e1ctica Proyecto Ling\u00fc\u00edstico de Centro (PLC) El Proyecto Ling\u00fc\u00edstico de Centro (PLC) recoge la coordinaci\u00f3n y el tratamiento integrado de las lenguas y el fomento del multiling\u00fcismo y de la diversidad ling\u00fc\u00edstica de nuestro centro. Atenci\u00f3n a la diversidad. Inclusi\u00f3n educativa El Plan de Atenci\u00f3n a la Diversidad que nuestro centro elabora recoge las [&hellip;]<\/p>\n","protected":false},"author":3,"featured_media":0,"parent":0,"menu_order":0,"comment_status":"closed","ping_status":"closed","template":"elementor_header_footer","meta":{"_genesis_hide_title":true,"_genesis_hide_breadcrumbs":false,"_genesis_hide_singular_image":false,"_genesis_hide_footer_widgets":false,"_genesis_custom_body_class":"","_genesis_custom_post_class":"","_genesis_layout":"","jetpack_post_was_ever_published":false,"footnotes":""},"jetpack_sharing_enabled":false,"jetpack_likes_enabled":false,"_links":{"self":[{"href":"https:\/\/cppaderborn.educacion.navarra.es\/web\/wp-json\/wp\/v2\/pages\/4462"}],"collection":[{"href":"https:\/\/cppaderborn.educacion.navarra.es\/web\/wp-json\/wp\/v2\/pages"}],"about":[{"href":"https:\/\/cppaderborn.educacion.navarra.es\/web\/wp-json\/wp\/v2\/types\/page"}],"author":[{"embeddable":true,"href":"https:\/\/cppaderborn.educacion.navarra.es\/web\/wp-json\/wp\/v2\/users\/3"}],"replies":[{"embeddable":true,"href":"https:\/\/cppaderborn.educacion.navarra.es\/web\/wp-json\/wp\/v2\/comments?post=4462"}],"version-history":[{"count":96,"href":"https:\/\/cppaderborn.educacion.navarra.es\/web\/wp-json\/wp\/v2\/pages\/4462\/revisions"}],"predecessor-version":[{"id":6373,"href":"https:\/\/cppaderborn.educacion.navarra.es\/web\/wp-json\/wp\/v2\/pages\/4462\/revisions\/6373"}],"wp:attachment":[{"href":"https:\/\/cppaderborn.educacion.navarra.es\/web\/wp-json\/wp\/v2\/media?parent=4462"}],"curies":[{"name":"wp","href":"https:\/\/api.w.org\/{rel}","templated":true}]}}