{"id":7197,"date":"2025-11-06T09:07:05","date_gmt":"2025-11-06T08:07:05","guid":{"rendered":"https:\/\/cppaderborn.educacion.navarra.es\/web\/?page_id=7197"},"modified":"2026-03-31T12:40:25","modified_gmt":"2026-03-31T10:40:25","slug":"situaciones-aprendizaje","status":"publish","type":"page","link":"https:\/\/cppaderborn.educacion.navarra.es\/web\/situaciones-aprendizaje\/","title":{"rendered":"Situaciones de aprendizaje"},"content":{"rendered":"\t\t<div data-elementor-type=\"wp-page\" data-elementor-id=\"7197\" class=\"elementor elementor-7197\" data-elementor-post-type=\"page\">\n\t\t\t\t\t\t\t\t\t<section class=\"elementor-section elementor-top-section elementor-element elementor-element-cd12905 elementor-section-full_width elementor-section-height-default elementor-section-height-default\" data-id=\"cd12905\" data-element_type=\"section\">\n\t\t\t\t\t\t<div class=\"elementor-container elementor-column-gap-default\">\n\t\t\t\t\t<div class=\"elementor-column elementor-col-100 elementor-top-column elementor-element elementor-element-1681deb\" data-id=\"1681deb\" data-element_type=\"column\">\n\t\t\t<div class=\"elementor-widget-wrap elementor-element-populated\">\n\t\t\t\t\t\t\t\t<div class=\"elementor-element elementor-element-4fee571 elementor-widget elementor-widget-template\" data-id=\"4fee571\" data-element_type=\"widget\" data-widget_type=\"template.default\">\n\t\t\t\t<div class=\"elementor-widget-container\">\n\t\t\t\t\t<div class=\"elementor-template\">\n\t\t\t\t\t<div data-elementor-type=\"section\" data-elementor-id=\"5464\" class=\"elementor elementor-5464\" data-elementor-post-type=\"elementor_library\">\n\t\t\t\t\t\t\t\t<section class=\"elementor-section elementor-top-section elementor-element elementor-element-39d90cab elementor-section-full_width elementor-section-height-min-height elementor-section-height-default elementor-section-items-middle\" data-id=\"39d90cab\" data-element_type=\"section\">\n\t\t\t\t\t\t\t<div class=\"elementor-background-overlay\"><\/div>\n\t\t\t\t\t\t\t<div class=\"elementor-container elementor-column-gap-default\">\n\t\t\t\t\t<div class=\"elementor-column elementor-col-100 elementor-top-column elementor-element elementor-element-73e571b4\" data-id=\"73e571b4\" data-element_type=\"column\">\n\t\t\t<div class=\"elementor-widget-wrap elementor-element-populated\">\n\t\t\t\t\t\t\t\t<div class=\"elementor-element elementor-element-1d21a7a2 elementor-widget elementor-widget-heading\" data-id=\"1d21a7a2\" data-element_type=\"widget\" data-widget_type=\"heading.default\">\n\t\t\t\t<div class=\"elementor-widget-container\">\n\t\t\t<h2 class=\"elementor-heading-title elementor-size-xl\">Alumnado<\/h2>\t\t<\/div>\n\t\t\t\t<\/div>\n\t\t\t\t\t<\/div>\n\t\t<\/div>\n\t\t\t\t\t\t\t<\/div>\n\t\t<\/section>\n\t\t\t\t\t\t<\/div>\n\t\t\t\t<\/div>\n\t\t\t\t<\/div>\n\t\t\t\t<\/div>\n\t\t\t\t\t<\/div>\n\t\t<\/div>\n\t\t\t\t\t\t\t<\/div>\n\t\t<\/section>\n\t\t\t\t<section class=\"elementor-section elementor-top-section elementor-element elementor-element-b374549 elementor-section-boxed elementor-section-height-default elementor-section-height-default\" data-id=\"b374549\" data-element_type=\"section\">\n\t\t\t\t\t\t<div class=\"elementor-container elementor-column-gap-default\">\n\t\t\t\t\t<div class=\"elementor-column elementor-col-100 elementor-top-column elementor-element elementor-element-bf16741\" data-id=\"bf16741\" data-element_type=\"column\">\n\t\t\t<div class=\"elementor-widget-wrap elementor-element-populated\">\n\t\t\t\t\t\t\t\t<div class=\"elementor-element elementor-element-621cc34 elementor-widget elementor-widget-spacer\" data-id=\"621cc34\" data-element_type=\"widget\" data-widget_type=\"spacer.default\">\n\t\t\t\t<div class=\"elementor-widget-container\">\n\t\t\t\t\t<div class=\"elementor-spacer\">\n\t\t\t<div class=\"elementor-spacer-inner\"><\/div>\n\t\t<\/div>\n\t\t\t\t<\/div>\n\t\t\t\t<\/div>\n\t\t\t\t<div class=\"elementor-element elementor-element-fb68aae elementor-widget elementor-widget-heading\" data-id=\"fb68aae\" data-element_type=\"widget\" data-widget_type=\"heading.default\">\n\t\t\t\t<div class=\"elementor-widget-container\">\n\t\t\t<h2 class=\"elementor-heading-title elementor-size-large\">Situaciones de aprendizaje<\/h2>\t\t<\/div>\n\t\t\t\t<\/div>\n\t\t\t\t\t<\/div>\n\t\t<\/div>\n\t\t\t\t\t\t\t<\/div>\n\t\t<\/section>\n\t\t\t\t<section class=\"elementor-section elementor-top-section elementor-element elementor-element-4c73079 elementor-section-boxed elementor-section-height-default elementor-section-height-default\" data-id=\"4c73079\" data-element_type=\"section\">\n\t\t\t\t\t\t<div class=\"elementor-container elementor-column-gap-default\">\n\t\t\t\t\t<div class=\"elementor-column elementor-col-100 elementor-top-column elementor-element elementor-element-18ad0ea\" data-id=\"18ad0ea\" data-element_type=\"column\">\n\t\t\t<div class=\"elementor-widget-wrap elementor-element-populated\">\n\t\t\t\t\t\t\t\t<div class=\"elementor-element elementor-element-324cacaf elementor-widget elementor-widget-text-editor\" data-id=\"324cacaf\" data-element_type=\"widget\" data-widget_type=\"text-editor.default\">\n\t\t\t\t<div class=\"elementor-widget-container\">\n\t\t\t\t\t\t\t<p><!-- wp:paragraph --><\/p>\n<p>Las situaciones de aprendizaje son propuestas pedag\u00f3gicas integradas y centradas en retos reales que permiten al alumnado aprender de forma activa y significativa. Parten de un problema o inter\u00e9s y conectan contenidos de distintas \u00e1reas para desarrollar las competencias del curr\u00edculo de la Comunidad Foral de Navarra mediante investigaci\u00f3n, trabajo cooperativo y tareas pr\u00e1cticas que culminan en un producto o evidencia. La evaluaci\u00f3n es continua y formativa (r\u00fabricas, portafolio y autoevaluaci\u00f3n) y busca que el alumnado sea agente de su propio aprendizaje, favoreciendo adem\u00e1s la participaci\u00f3n de las familias en el proceso educativo.<\/p>\n<p><!-- \/wp:image --><\/p>\n<p><!-- wp:paragraph --><\/p>\n<p><!-- \/wp:paragraph --><\/p>\t\t\t\t\t\t<\/div>\n\t\t\t\t<\/div>\n\t\t\t\t\t<\/div>\n\t\t<\/div>\n\t\t\t\t\t\t\t<\/div>\n\t\t<\/section>\n\t\t\t\t<section class=\"elementor-section elementor-top-section elementor-element elementor-element-a714ad2 elementor-section-boxed elementor-section-height-default elementor-section-height-default\" data-id=\"a714ad2\" data-element_type=\"section\">\n\t\t\t\t\t\t<div class=\"elementor-container elementor-column-gap-default\">\n\t\t\t\t\t<div class=\"elementor-column elementor-col-100 elementor-top-column elementor-element elementor-element-70ffc9a\" data-id=\"70ffc9a\" data-element_type=\"column\">\n\t\t\t<div class=\"elementor-widget-wrap elementor-element-populated\">\n\t\t\t\t\t\t\t\t<div class=\"elementor-element elementor-element-ba3e59c elementor-widget elementor-widget-heading\" data-id=\"ba3e59c\" data-element_type=\"widget\" data-widget_type=\"heading.default\">\n\t\t\t\t<div class=\"elementor-widget-container\">\n\t\t\t<h2 class=\"elementor-heading-title elementor-size-default\">\u00bfD\u00f3nde se llevan a cabo?<\/h2>\t\t<\/div>\n\t\t\t\t<\/div>\n\t\t\t\t\t<\/div>\n\t\t<\/div>\n\t\t\t\t\t\t\t<\/div>\n\t\t<\/section>\n\t\t\t\t<section class=\"elementor-section elementor-top-section elementor-element elementor-element-415c5f5 elementor-section-boxed elementor-section-height-default elementor-section-height-default\" data-id=\"415c5f5\" data-element_type=\"section\">\n\t\t\t\t\t\t<div class=\"elementor-container elementor-column-gap-default\">\n\t\t\t\t\t<div class=\"elementor-column elementor-col-100 elementor-top-column elementor-element elementor-element-9274066\" data-id=\"9274066\" data-element_type=\"column\">\n\t\t\t<div class=\"elementor-widget-wrap elementor-element-populated\">\n\t\t\t\t\t\t\t\t<div class=\"elementor-element elementor-element-207906a elementor-flip-box--effect-flip elementor-flip-box--direction-up elementor-widget elementor-widget-flip-box\" data-id=\"207906a\" data-element_type=\"widget\" data-widget_type=\"flip-box.default\">\n\t\t\t\t<div class=\"elementor-widget-container\">\n\t\t\t\t\t<div class=\"elementor-flip-box\" tabindex=\"0\">\n\t\t\t<div class=\"elementor-flip-box__layer elementor-flip-box__front\">\n\t\t\t\t<div class=\"elementor-flip-box__layer__overlay\">\n\t\t\t\t\t<div class=\"elementor-flip-box__layer__inner\">\n\t\t\t\t\t\t\t\t\t\t\t\t\t<div class=\"elementor-icon-wrapper elementor-view-default\">\n\t\t\t\t\t\t\t\t<div class=\"elementor-icon\">\n\t\t\t\t\t\t\t\t\t<i class=\"fas fa-thumbs-up\"><\/i>\t\t\t\t\t\t\t\t<\/div>\n\t\t\t\t\t\t\t<\/div>\n\t\t\t\t\t\t\n\t\t\t\t\t\t\t\t\t\t\t\t\t<h3 class=\"elementor-flip-box__layer__title\">\n\t\t\t\t\t\t\t\tTanto en las aulas ordinarias como en el aula ikasNOVA y en el Atelier.\t\t\t\t\t\t\t<\/h3>\n\t\t\t\t\t\t\n\t\t\t\t\t\t\t\t\t\t\t\t\t<div class=\"elementor-flip-box__layer__description\">\n\t\t\t\t\t\t\t\tSe organizan un m\u00ednimo de 3 situaciones de aprendizaje con todos los grupos a lo largo de cada curso escolar. Al menos una de ellas est\u00e1 relacionada con las TIC.\n\nEn Educaci\u00f3n Infantil se desarrollan, preferentemente, en el Atelier, un aula acondicionada para que el alumnado experimente un amplio rango de actividades.\t\t\t\t\t\t\t<\/div>\n\t\t\t\t\t\t\t\t\t\t\t<\/div>\n\t\t\t\t<\/div>\n\t\t\t<\/div>\n\t\t\t<div class=\"elementor-flip-box__layer elementor-flip-box__back\">\n\t\t\t<div class=\"elementor-flip-box__layer__overlay\">\n\t\t\t\t<div class=\"elementor-flip-box__layer__inner\">\n\t\t\t\t\t\t\t\t\t\t\t<h3 class=\"elementor-flip-box__layer__title\">\n\t\t\t\t\t\t\tAula ikasNOVA\t\t\t\t\t\t<\/h3>\n\t\t\t\t\t\n\t\t\t\t\t\t\t\t\t\t\t<div class=\"elementor-flip-box__layer__description\">\n\t\t\t\t\t\t\tEl Aula ikasNOVA es un espacio pedag\u00f3gico de innovaci\u00f3n del CPEIP Paderborn\u2011Lezkairu pensado para el trabajo por proyectos y las metodolog\u00edas activas. Dise\u00f1ado como un aula flexible, facilita el uso de materiales variados y recursos digitales, el trabajo cooperativo y el aprendizaje participativo en un entorno pluriling\u00fce.\n\nRelaci\u00f3n con las situaciones de aprendizaje: El Aula ikasNOVA es el escenario ideal para implementar situaciones de aprendizaje: permite integrar contenidos de varias \u00e1reas, impulsar el desarrollo de las competencias clave del curr\u00edculo de Navarra y documentar el proceso mediante evidencias (portafolio, r\u00fabricas y autoevaluaci\u00f3n). En este espacio se planifican las actividades, se coordinan las salidas y talleres y se realizan las presentaciones finales que muestran el aprendizaje del alumnado.\t\t\t\t\t\t<\/div>\n\t\t\t\t\t\n\t\t\t\t\t\t\t\t\t\t\t<a class=\"elementor-flip-box__button elementor-button elementor-size-sm\" href=\"https:\/\/aulaikasnovagela.educacion.navarra.es\/\" target=\"_blank\">\n\t\t\t\t\t\t\tM\u00e1s informaci\u00f3n\t\t\t\t\t\t<\/a>\n\t\t\t\t\t\t\t\t<\/div>\n\t\t<\/div>\n\t\t<\/div>\n\t\t<\/div>\n\t\t\t\t<\/div>\n\t\t\t\t<\/div>\n\t\t\t\t<div class=\"elementor-element elementor-element-7cb0a10 elementor-widget elementor-widget-heading\" data-id=\"7cb0a10\" data-element_type=\"widget\" data-widget_type=\"heading.default\">\n\t\t\t\t<div class=\"elementor-widget-container\">\n\t\t\t<h2 class=\"elementor-heading-title elementor-size-default\">REA: Ejemplos de situaciones de aprendizaje llevadas a la pr\u00e1ctica<\/h2>\t\t<\/div>\n\t\t\t\t<\/div>\n\t\t\t\t<div class=\"elementor-element elementor-element-f74cc53 elementor-widget elementor-widget-text-editor\" data-id=\"f74cc53\" data-element_type=\"widget\" data-widget_type=\"text-editor.default\">\n\t\t\t\t<div class=\"elementor-widget-container\">\n\t\t\t\t\t\t\t<p><!-- wp:paragraph --><\/p>\n<p>Se comparten algunas de las situaciones de aprendizaje organizadas por el profesorado el centro para el conocimiento de nuestra Comunidad Educativa. Se ir\u00e1n subiendo a medida que se pongan en pr\u00e1ctica con el alumnado.<\/p>\n<p><!-- \/wp:image --><\/p>\n<p><!-- wp:paragraph --><\/p>\n<p><!-- \/wp:paragraph --><\/p>\t\t\t\t\t\t<\/div>\n\t\t\t\t<\/div>\n\t\t\t\t\t<\/div>\n\t\t<\/div>\n\t\t\t\t\t\t\t<\/div>\n\t\t<\/section>\n\t\t\t\t<section class=\"elementor-section elementor-top-section elementor-element elementor-element-47d111e elementor-section-boxed elementor-section-height-default elementor-section-height-default\" data-id=\"47d111e\" data-element_type=\"section\">\n\t\t\t\t\t\t<div class=\"elementor-container elementor-column-gap-default\">\n\t\t\t\t\t<div class=\"elementor-column elementor-col-100 elementor-top-column elementor-element elementor-element-cecfca3\" data-id=\"cecfca3\" data-element_type=\"column\">\n\t\t\t<div class=\"elementor-widget-wrap elementor-element-populated\">\n\t\t\t\t\t\t\t\t<div class=\"elementor-element elementor-element-b5ec2e7 elementor-widget elementor-widget-accordion\" data-id=\"b5ec2e7\" data-element_type=\"widget\" data-widget_type=\"accordion.default\">\n\t\t\t\t<div class=\"elementor-widget-container\">\n\t\t\t\t\t<div class=\"elementor-accordion\">\n\t\t\t\t\t\t\t<div class=\"elementor-accordion-item\">\n\t\t\t\t\t<div id=\"elementor-tab-title-1901\" class=\"elementor-tab-title\" data-tab=\"1\" role=\"button\" aria-controls=\"elementor-tab-content-1901\" aria-expanded=\"false\">\n\t\t\t\t\t\t\t\t\t\t\t\t\t<span class=\"elementor-accordion-icon elementor-accordion-icon-left\" aria-hidden=\"true\">\n\t\t\t\t\t\t\t\t\t\t\t\t\t\t\t<span class=\"elementor-accordion-icon-closed\"><i class=\"fas fa-plus\"><\/i><\/span>\n\t\t\t\t\t\t\t\t<span class=\"elementor-accordion-icon-opened\"><i class=\"fas fa-minus\"><\/i><\/span>\n\t\t\t\t\t\t\t\t\t\t\t\t\t\t<\/span>\n\t\t\t\t\t\t\t\t\t\t\t\t<a class=\"elementor-accordion-title\" tabindex=\"0\">Educaci\u00f3n Infantil<\/a>\n\t\t\t\t\t<\/div>\n\t\t\t\t\t<div id=\"elementor-tab-content-1901\" class=\"elementor-tab-content elementor-clearfix\" data-tab=\"1\" role=\"region\" aria-labelledby=\"elementor-tab-title-1901\"><ul>\n<li><a href=\"https:\/\/lezkairu.educacion.navarra.es\/Situaciones\/Infantil\/Room%20on%20the%20broom\/\" target=\"_blank\" rel=\"noopener\">Room on the broom<\/a><\/li>\n<li><a href=\"https:\/\/lezkairu.educacion.navarra.es\/Situaciones\/Infantil\/Gingerbread\/\" target=\"_blank\" rel=\"noopener\">The Gingerbread man<\/a><\/li>\n<li><a href=\"https:\/\/lezkairu.educacion.navarra.es\/Situaciones\/Infantil\/Tiny%20explorers\/\" target=\"_blank\" rel=\"noopener\">Tiny explorers, big dinosaurs<\/a><\/li>\n<li><a href=\"https:\/\/lezkairu.educacion.navarra.es\/Situaciones\/Infantil\/The%20polar%20Express\/\" target=\"_blank\" rel=\"noopener\">The polar Express<\/a><\/li>\n<li><a href=\"https:\/\/lezkairu.educacion.navarra.es\/Situaciones\/Infantil\/Moon\/\" target=\"_blank\" rel=\"noopener\">To the Moon and back!<\/a><\/li>\n<li><a href=\"https:\/\/lezkairu.educacion.navarra.es\/Situaciones\/Infantil\/froggy\/\" target=\"_blank\" rel=\"noopener\">Froggy gets dressed<\/a><\/li>\n<li><a href=\"https:\/\/lezkairu.educacion.navarra.es\/Situaciones\/Infantil\/dancing%20giants\/\" target=\"_blank\" rel=\"noopener\">Dancing giants<\/a><\/li>\n<li><a href=\"https:\/\/lezkairu.educacion.navarra.es\/Situaciones\/Infantil\/The%20mitten\/\" target=\"_blank\" rel=\"noopener\">The mitten<\/a><\/li>\n<\/ul><\/div>\n\t\t\t\t<\/div>\n\t\t\t\t\t\t\t<div class=\"elementor-accordion-item\">\n\t\t\t\t\t<div id=\"elementor-tab-title-1902\" class=\"elementor-tab-title\" data-tab=\"2\" role=\"button\" aria-controls=\"elementor-tab-content-1902\" aria-expanded=\"false\">\n\t\t\t\t\t\t\t\t\t\t\t\t\t<span class=\"elementor-accordion-icon elementor-accordion-icon-left\" aria-hidden=\"true\">\n\t\t\t\t\t\t\t\t\t\t\t\t\t\t\t<span class=\"elementor-accordion-icon-closed\"><i class=\"fas fa-plus\"><\/i><\/span>\n\t\t\t\t\t\t\t\t<span class=\"elementor-accordion-icon-opened\"><i class=\"fas fa-minus\"><\/i><\/span>\n\t\t\t\t\t\t\t\t\t\t\t\t\t\t<\/span>\n\t\t\t\t\t\t\t\t\t\t\t\t<a class=\"elementor-accordion-title\" tabindex=\"0\">1er ciclo Primaria<\/a>\n\t\t\t\t\t<\/div>\n\t\t\t\t\t<div id=\"elementor-tab-content-1902\" class=\"elementor-tab-content elementor-clearfix\" data-tab=\"2\" role=\"region\" aria-labelledby=\"elementor-tab-title-1902\"><ul>\n<li><a href=\"https:\/\/lezkairu.educacion.navarra.es\/Situaciones\/Primaria\/Matatalab\/\" target=\"_blank\" rel=\"noopener\">Matatalab<\/a><\/li>\n<li><a href=\"https:\/\/lezkairu.educacion.navarra.es\/Situaciones\/Primaria\/Azucar\/\" target=\"_blank\" rel=\"noopener\">\u00bfCu\u00e1nto az\u00facar tienen los alimentos?<\/a><\/li>\n<li><a href=\"https:\/\/lezkairu.educacion.navarra.es\/Situaciones\/Primaria\/Sal\/\" target=\"_blank\" rel=\"noopener\">\u00bfCu\u00e1nta sal tienen los alimentos?<\/a><\/li>\n<li><a href=\"https:\/\/lezkairu.educacion.navarra.es\/Situaciones\/Primaria\/IdentificamosNaturaleza\/\" target=\"_blank\" rel=\"noopener\">Identificamos y cuidamos la naturaleza del patio<\/a><\/li>\n<\/ul><\/div>\n\t\t\t\t<\/div>\n\t\t\t\t\t\t\t<div class=\"elementor-accordion-item\">\n\t\t\t\t\t<div id=\"elementor-tab-title-1903\" class=\"elementor-tab-title\" data-tab=\"3\" role=\"button\" aria-controls=\"elementor-tab-content-1903\" aria-expanded=\"false\">\n\t\t\t\t\t\t\t\t\t\t\t\t\t<span class=\"elementor-accordion-icon elementor-accordion-icon-left\" aria-hidden=\"true\">\n\t\t\t\t\t\t\t\t\t\t\t\t\t\t\t<span class=\"elementor-accordion-icon-closed\"><i class=\"fas fa-plus\"><\/i><\/span>\n\t\t\t\t\t\t\t\t<span class=\"elementor-accordion-icon-opened\"><i class=\"fas fa-minus\"><\/i><\/span>\n\t\t\t\t\t\t\t\t\t\t\t\t\t\t<\/span>\n\t\t\t\t\t\t\t\t\t\t\t\t<a class=\"elementor-accordion-title\" tabindex=\"0\">2\u00ba ciclo Primaria<\/a>\n\t\t\t\t\t<\/div>\n\t\t\t\t\t<div id=\"elementor-tab-content-1903\" class=\"elementor-tab-content elementor-clearfix\" data-tab=\"3\" role=\"region\" aria-labelledby=\"elementor-tab-title-1903\"><ul>\n<li><a href=\"https:\/\/lezkairu.educacion.navarra.es\/Situaciones\/Primaria\/ConocemosNavarra\/\" target=\"_blank\" rel=\"noopener\">Conocemos Navarra<\/a><\/li>\n<li><a href=\"https:\/\/lezkairu.educacion.navarra.es\/Situaciones\/Primaria\/Cespedines\/\" target=\"_blank\" rel=\"noopener\">\u00a1Cespedines al cole!<\/a><\/li>\n<li><a href=\"https:\/\/lezkairu.educacion.navarra.es\/Situaciones\/Primaria\/Matatalab\/\" target=\"_blank\" rel=\"noopener\">Matatalab<\/a><\/li>\n<li><a href=\"https:\/\/lezkairu.educacion.navarra.es\/Situaciones\/Primaria\/Reciclando\/\" target=\"_blank\" rel=\"noopener\">\u00a1Reciclando en el colegio!<\/a><\/li>\n<li><a href=\"https:\/\/lezkairu.educacion.navarra.es\/Situaciones\/Primaria\/Scratchjr\/\" target=\"_blank\" rel=\"noopener\">Scratch Jr y Codey Rocky<\/a><\/li>\n<li><a href=\"https:\/\/lezkairu.educacion.navarra.es\/Situaciones\/Primaria\/AutoevaluacionKahoot\/\" target=\"_blank\" rel=\"noopener\">Autoevaluaci\u00f3n con Kahoot! y Mentimeter<\/a><\/li>\n<li><a href=\"https:\/\/lezkairu.educacion.navarra.es\/Situaciones\/Primaria\/RetosGoogle\/\" target=\"_blank\" rel=\"noopener\">Retos con la G Suite<\/a><\/li>\n<\/ul><\/div>\n\t\t\t\t<\/div>\n\t\t\t\t\t\t\t<div class=\"elementor-accordion-item\">\n\t\t\t\t\t<div id=\"elementor-tab-title-1904\" class=\"elementor-tab-title\" data-tab=\"4\" role=\"button\" aria-controls=\"elementor-tab-content-1904\" aria-expanded=\"false\">\n\t\t\t\t\t\t\t\t\t\t\t\t\t<span class=\"elementor-accordion-icon elementor-accordion-icon-left\" aria-hidden=\"true\">\n\t\t\t\t\t\t\t\t\t\t\t\t\t\t\t<span class=\"elementor-accordion-icon-closed\"><i class=\"fas fa-plus\"><\/i><\/span>\n\t\t\t\t\t\t\t\t<span class=\"elementor-accordion-icon-opened\"><i class=\"fas fa-minus\"><\/i><\/span>\n\t\t\t\t\t\t\t\t\t\t\t\t\t\t<\/span>\n\t\t\t\t\t\t\t\t\t\t\t\t<a class=\"elementor-accordion-title\" tabindex=\"0\">3er ciclo Primaria<\/a>\n\t\t\t\t\t<\/div>\n\t\t\t\t\t<div id=\"elementor-tab-content-1904\" class=\"elementor-tab-content elementor-clearfix\" data-tab=\"4\" role=\"region\" aria-labelledby=\"elementor-tab-title-1904\"><ul>\n<li><a href=\"https:\/\/lezkairu.educacion.navarra.es\/Situaciones\/Primaria\/Impresion3D\/\" target=\"_blank\" rel=\"noopener\">Impresi\u00f3n 3D: un mundo lleno de posibilidades<\/a><\/li>\n<li><a href=\"https:\/\/lezkairu.educacion.navarra.es\/Situaciones\/Primaria\/CortadoraLaser\/\" target=\"_blank\" rel=\"noopener\">Dise\u00f1o de llaveros y marcap\u00e1ginas para realizar grabados con una cortadora l\u00e1ser<\/a><\/li>\n<li><a href=\"https:\/\/lezkairu.educacion.navarra.es\/Situaciones\/Primaria\/CoreoAleman\/\" target=\"_blank\" rel=\"noopener\">Coreograf\u00eda en alem\u00e1n con chroma<\/a><\/li>\n<li><a href=\"https:\/\/lezkairu.educacion.navarra.es\/Situaciones\/Primaria\/ScratchCodey\/\" target=\"_blank\" rel=\"noopener\"><span style=\"font-weight: 400;\">Rob\u00f3tica educativa con Scratch\u00a0 Jr, Scratch y Codey Rocky<\/span><\/a><\/li>\n<li><a href=\"https:\/\/lezkairu.educacion.navarra.es\/Situaciones\/Primaria\/Podcast\/\" target=\"_blank\" rel=\"noopener\"><span style=\"font-weight: 400;\">Elaboramos un podcast<\/span><\/a><\/li>\n<li><a href=\"https:\/\/lezkairu.educacion.navarra.es\/Situaciones\/Primaria\/ScratchMbot2\/\" target=\"_blank\" rel=\"noopener\"><span style=\"font-weight: 400;\">Introducci\u00f3n a la programaci\u00f3n educativa con Scratch y a la rob\u00f3tica educativa con mBot 2<\/span><\/a><\/li>\n<li><a href=\"https:\/\/lezkairu.educacion.navarra.es\/Situaciones\/Primaria\/NewYear2025\/\" target=\"_blank\" rel=\"noopener\">New year\u2019s eve traditions around the world<\/a><\/li>\n<li><a href=\"https:\/\/lezkairu.educacion.navarra.es\/Situaciones\/Primaria\/Mi_familia\/\" target=\"_blank\" rel=\"noopener\">El entorno inmediato: Mi familia<\/a><\/li>\n<li><a href=\"https:\/\/lezkairu.educacion.navarra.es\/Situaciones\/Primaria\/Menu_saludable\/\" target=\"_blank\" rel=\"noopener\">Men\u00fa saludable y sostenible<\/a><\/li>\n<li><a href=\"https:\/\/lezkairu.educacion.navarra.es\/Situaciones\/Primaria\/Votar\/\" target=\"_blank\" rel=\"noopener\">Votar para mejorar la clase<\/a><\/li>\n<li><a href=\"https:\/\/lezkairu.educacion.navarra.es\/Situaciones\/Primaria\/Exploradores%20del%20clima\/\" target=\"_blank\" rel=\"noopener\">Exploradores del clima<\/a><\/li>\n<li><a href=\"https:\/\/lezkairu.educacion.navarra.es\/Situaciones\/Primaria\/XXI%20Women\/\" target=\"_blank\" rel=\"noopener\">XXI Women<\/a><\/li>\n<\/ul>\n<p>\u00a0<\/p><\/div>\n\t\t\t\t<\/div>\n\t\t\t\t\t\t\t\t<\/div>\n\t\t\t\t<\/div>\n\t\t\t\t<\/div>\n\t\t\t\t\t<\/div>\n\t\t<\/div>\n\t\t\t\t\t\t\t<\/div>\n\t\t<\/section>\n\t\t\t\t\t\t\t<\/div>\n\t\t","protected":false},"excerpt":{"rendered":"<p>Situaciones de aprendizaje Las situaciones de aprendizaje son propuestas pedag\u00f3gicas integradas y centradas en retos reales que permiten al alumnado aprender de forma activa y significativa. Parten de un problema o inter\u00e9s y conectan contenidos de distintas \u00e1reas para desarrollar las competencias del curr\u00edculo de la Comunidad Foral de Navarra mediante investigaci\u00f3n, trabajo cooperativo y [&hellip;]<\/p>\n","protected":false},"author":3,"featured_media":0,"parent":0,"menu_order":0,"comment_status":"closed","ping_status":"closed","template":"elementor_header_footer","meta":{"_genesis_hide_title":true,"_genesis_hide_breadcrumbs":false,"_genesis_hide_singular_image":false,"_genesis_hide_footer_widgets":false,"_genesis_custom_body_class":"","_genesis_custom_post_class":"","_genesis_layout":"","jetpack_post_was_ever_published":false,"footnotes":""},"jetpack_sharing_enabled":false,"jetpack_likes_enabled":false,"_links":{"self":[{"href":"https:\/\/cppaderborn.educacion.navarra.es\/web\/wp-json\/wp\/v2\/pages\/7197"}],"collection":[{"href":"https:\/\/cppaderborn.educacion.navarra.es\/web\/wp-json\/wp\/v2\/pages"}],"about":[{"href":"https:\/\/cppaderborn.educacion.navarra.es\/web\/wp-json\/wp\/v2\/types\/page"}],"author":[{"embeddable":true,"href":"https:\/\/cppaderborn.educacion.navarra.es\/web\/wp-json\/wp\/v2\/users\/3"}],"replies":[{"embeddable":true,"href":"https:\/\/cppaderborn.educacion.navarra.es\/web\/wp-json\/wp\/v2\/comments?post=7197"}],"version-history":[{"count":100,"href":"https:\/\/cppaderborn.educacion.navarra.es\/web\/wp-json\/wp\/v2\/pages\/7197\/revisions"}],"predecessor-version":[{"id":7630,"href":"https:\/\/cppaderborn.educacion.navarra.es\/web\/wp-json\/wp\/v2\/pages\/7197\/revisions\/7630"}],"wp:attachment":[{"href":"https:\/\/cppaderborn.educacion.navarra.es\/web\/wp-json\/wp\/v2\/media?parent=7197"}],"curies":[{"name":"wp","href":"https:\/\/api.w.org\/{rel}","templated":true}]}}