{"id":7293,"date":"2025-11-21T09:29:16","date_gmt":"2025-11-21T08:29:16","guid":{"rendered":"https:\/\/cppaderborn.educacion.navarra.es\/web\/?page_id=7293"},"modified":"2025-11-21T09:34:34","modified_gmt":"2025-11-21T08:34:34","slug":"cambio-contrasena-hijos","status":"publish","type":"page","link":"https:\/\/cppaderborn.educacion.navarra.es\/web\/cambio-contrasena-hijos\/","title":{"rendered":"C\u00f3mo cambiar la contrase\u00f1a de nuestros hijos e hijas\u200b"},"content":{"rendered":"\t\t<div data-elementor-type=\"wp-page\" data-elementor-id=\"7293\" class=\"elementor elementor-7293\" data-elementor-post-type=\"page\">\n\t\t\t\t\t\t\t\t\t<section class=\"elementor-section elementor-top-section elementor-element elementor-element-901d5a5 elementor-section-full_width elementor-section-height-default elementor-section-height-default\" data-id=\"901d5a5\" data-element_type=\"section\">\n\t\t\t\t\t\t<div class=\"elementor-container elementor-column-gap-default\">\n\t\t\t\t\t<div class=\"elementor-column elementor-col-100 elementor-top-column elementor-element elementor-element-431b614\" data-id=\"431b614\" data-element_type=\"column\">\n\t\t\t<div class=\"elementor-widget-wrap elementor-element-populated\">\n\t\t\t\t\t\t\t\t<div class=\"elementor-element elementor-element-c046a27 elementor-widget elementor-widget-template\" data-id=\"c046a27\" data-element_type=\"widget\" data-widget_type=\"template.default\">\n\t\t\t\t<div class=\"elementor-widget-container\">\n\t\t\t\t\t<div class=\"elementor-template\">\n\t\t\t\t\t<div data-elementor-type=\"section\" data-elementor-id=\"5467\" class=\"elementor elementor-5467\" data-elementor-post-type=\"elementor_library\">\n\t\t\t\t\t\t\t\t<section class=\"elementor-section elementor-top-section elementor-element elementor-element-86e4351 elementor-section-full_width elementor-section-height-min-height elementor-section-height-default elementor-section-items-middle\" data-id=\"86e4351\" data-element_type=\"section\">\n\t\t\t\t\t\t\t<div class=\"elementor-background-overlay\"><\/div>\n\t\t\t\t\t\t\t<div class=\"elementor-container elementor-column-gap-default\">\n\t\t\t\t\t<div class=\"elementor-column elementor-col-100 elementor-top-column elementor-element elementor-element-49cdddb8\" data-id=\"49cdddb8\" data-element_type=\"column\">\n\t\t\t<div class=\"elementor-widget-wrap elementor-element-populated\">\n\t\t\t\t\t\t\t\t<div class=\"elementor-element elementor-element-621fd979 elementor-widget elementor-widget-heading\" data-id=\"621fd979\" data-element_type=\"widget\" data-widget_type=\"heading.default\">\n\t\t\t\t<div class=\"elementor-widget-container\">\n\t\t\t<h2 class=\"elementor-heading-title elementor-size-xl\">Familias<\/h2>\t\t<\/div>\n\t\t\t\t<\/div>\n\t\t\t\t\t<\/div>\n\t\t<\/div>\n\t\t\t\t\t\t\t<\/div>\n\t\t<\/section>\n\t\t\t\t\t\t<\/div>\n\t\t\t\t<\/div>\n\t\t\t\t<\/div>\n\t\t\t\t<\/div>\n\t\t\t\t\t<\/div>\n\t\t<\/div>\n\t\t\t\t\t\t\t<\/div>\n\t\t<\/section>\n\t\t\t\t<section class=\"elementor-section elementor-top-section elementor-element elementor-element-26229e2 elementor-section-boxed elementor-section-height-default elementor-section-height-default\" data-id=\"26229e2\" data-element_type=\"section\">\n\t\t\t\t\t\t<div class=\"elementor-container elementor-column-gap-default\">\n\t\t\t\t\t<div class=\"elementor-column elementor-col-100 elementor-top-column elementor-element elementor-element-7547096\" data-id=\"7547096\" data-element_type=\"column\">\n\t\t\t<div class=\"elementor-widget-wrap elementor-element-populated\">\n\t\t\t\t\t\t\t\t<div class=\"elementor-element elementor-element-a1121e1 elementor-widget elementor-widget-heading\" data-id=\"a1121e1\" data-element_type=\"widget\" data-widget_type=\"heading.default\">\n\t\t\t\t<div class=\"elementor-widget-container\">\n\t\t\t<h2 class=\"elementor-heading-title elementor-size-large\">C\u00f3mo cambiar la contrase\u00f1a de nuestros hijos e hijas<\/h2>\t\t<\/div>\n\t\t\t\t<\/div>\n\t\t\t\t\t<\/div>\n\t\t<\/div>\n\t\t\t\t\t\t\t<\/div>\n\t\t<\/section>\n\t\t\t\t<section class=\"elementor-section elementor-top-section elementor-element elementor-element-5679e402 elementor-section-boxed elementor-section-height-default elementor-section-height-default\" data-id=\"5679e402\" data-element_type=\"section\">\n\t\t\t\t\t\t<div class=\"elementor-container elementor-column-gap-default\">\n\t\t\t\t\t<div class=\"elementor-column elementor-col-100 elementor-top-column elementor-element elementor-element-1bccbcc2\" data-id=\"1bccbcc2\" data-element_type=\"column\">\n\t\t\t<div class=\"elementor-widget-wrap elementor-element-populated\">\n\t\t\t\t\t\t\t\t<div class=\"elementor-element elementor-element-3f535e51 elementor-widget elementor-widget-text-editor\" data-id=\"3f535e51\" data-element_type=\"widget\" data-widget_type=\"text-editor.default\">\n\t\t\t\t<div class=\"elementor-widget-container\">\n\t\t\t\t\t\t\t<p><!-- wp:paragraph --><\/p>\n<p>Educa es el sistema inform\u00e1tico del Departamento de Educaci\u00f3n para la gesti\u00f3n de la informaci\u00f3n escolar.&nbsp;<span style=\"color: rgb(255, 0, 0);\">En el supuesto de que tengan un problema t\u00e9cnico deben ponerse en contacto con el CAU de Educa llamando al 848 42 50 50.<\/span><\/p>\n<p><!-- \/wp:paragraph --><\/p>\t\t\t\t\t\t<\/div>\n\t\t\t\t<\/div>\n\t\t\t\t\t<\/div>\n\t\t<\/div>\n\t\t\t\t\t\t\t<\/div>\n\t\t<\/section>\n\t\t\t\t<section class=\"elementor-section elementor-top-section elementor-element elementor-element-5691ec4 elementor-section-boxed elementor-section-height-default elementor-section-height-default\" data-id=\"5691ec4\" data-element_type=\"section\">\n\t\t\t\t\t\t<div class=\"elementor-container elementor-column-gap-default\">\n\t\t\t\t\t<div class=\"elementor-column elementor-col-66 elementor-top-column elementor-element elementor-element-5e2e198\" data-id=\"5e2e198\" data-element_type=\"column\">\n\t\t\t<div class=\"elementor-widget-wrap elementor-element-populated\">\n\t\t\t\t\t\t\t\t<div class=\"elementor-element elementor-element-a0c88cc elementor-widget elementor-widget-heading\" data-id=\"a0c88cc\" data-element_type=\"widget\" data-widget_type=\"heading.default\">\n\t\t\t\t<div class=\"elementor-widget-container\">\n\t\t\t<h2 class=\"elementor-heading-title elementor-size-default\">Cambio de contrase\u00f1as<\/h2>\t\t<\/div>\n\t\t\t\t<\/div>\n\t\t\t\t<div class=\"elementor-element elementor-element-4cde744 elementor-widget elementor-widget-video\" data-id=\"4cde744\" data-element_type=\"widget\" data-settings=\"{&quot;youtube_url&quot;:&quot;https:\\\/\\\/youtu.be\\\/2o8o_o5ZwbA&quot;,&quot;video_type&quot;:&quot;youtube&quot;,&quot;controls&quot;:&quot;yes&quot;}\" data-widget_type=\"video.default\">\n\t\t\t\t<div class=\"elementor-widget-container\">\n\t\t\t\t\t<div class=\"elementor-wrapper elementor-open-inline\">\n\t\t\t<div class=\"elementor-video\"><\/div>\t\t<\/div>\n\t\t\t\t<\/div>\n\t\t\t\t<\/div>\n\t\t\t\t\t<\/div>\n\t\t<\/div>\n\t\t\t\t<div class=\"elementor-column elementor-col-33 elementor-top-column elementor-element elementor-element-579f584\" data-id=\"579f584\" data-element_type=\"column\">\n\t\t\t<div class=\"elementor-widget-wrap elementor-element-populated\">\n\t\t\t\t\t\t\t\t<div class=\"elementor-element elementor-element-25de34f elementor-widget elementor-widget-text-editor\" data-id=\"25de34f\" data-element_type=\"widget\" data-widget_type=\"text-editor.default\">\n\t\t\t\t<div class=\"elementor-widget-container\">\n\t\t\t\t\t\t\t<p><span class=\"C9DxTc \">Educa es el sistema inform\u00e1tico del Departamento de Educaci\u00f3n para la gesti\u00f3n de la informaci\u00f3n escolar.\u00a0<\/span><\/p>\t\t\t\t\t\t<\/div>\n\t\t\t\t<\/div>\n\t\t\t\t<div class=\"elementor-element elementor-element-9aea0d2 elementor-widget elementor-widget-text-editor\" data-id=\"9aea0d2\" data-element_type=\"widget\" data-widget_type=\"text-editor.default\">\n\t\t\t\t<div class=\"elementor-widget-container\">\n\t\t\t\t\t\t\t<h4><span style=\"color: #ff0000;\">A Educa Portal se accede desde<\/span> la URL: <a href=\"https:\/\/educa.navarra.es\/\" target=\"_blank\" rel=\"noopener\">https:\/\/educa.navarra.es\/<\/a><\/h4>\t\t\t\t\t\t<\/div>\n\t\t\t\t<\/div>\n\t\t\t\t<div class=\"elementor-element elementor-element-d1b827d elementor-widget elementor-widget-text-editor\" data-id=\"d1b827d\" data-element_type=\"widget\" data-widget_type=\"text-editor.default\">\n\t\t\t\t<div class=\"elementor-widget-container\">\n\t\t\t\t\t\t\t<p><a href=\"https:\/\/cppaderborn.educacion.navarra.es\/web\/wp-content\/uploads\/2025\/04\/ayuda_educa_portal.jpg\"><img fetchpriority=\"high\" decoding=\"async\" class=\"alignnone size-full wp-image-6974\" src=\"https:\/\/cppaderborn.educacion.navarra.es\/web\/wp-content\/uploads\/2025\/04\/ayuda_educa_portal.jpg\" alt=\"\" width=\"1282\" height=\"513\" srcset=\"https:\/\/cppaderborn.educacion.navarra.es\/web\/wp-content\/uploads\/2025\/04\/ayuda_educa_portal.jpg 1282w, https:\/\/cppaderborn.educacion.navarra.es\/web\/wp-content\/uploads\/2025\/04\/ayuda_educa_portal-300x120.jpg 300w, https:\/\/cppaderborn.educacion.navarra.es\/web\/wp-content\/uploads\/2025\/04\/ayuda_educa_portal-1024x410.jpg 1024w, https:\/\/cppaderborn.educacion.navarra.es\/web\/wp-content\/uploads\/2025\/04\/ayuda_educa_portal-768x307.jpg 768w\" sizes=\"(max-width: 1282px) 100vw, 1282px\" \/><\/a><\/p>\n<p><span style=\"color: #008000;\"><strong>Ayuda oficial de Educa:<\/strong><\/span> <a href=\"https:\/\/www.educacion.navarra.es\/web\/serviciostic\/educa-alumnado-y-familias\" target=\"_blank\" rel=\"noopener\">https:\/\/www.educacion.navarra.es\/web\/serviciostic\/educa-alumnado-y-familias<\/a><\/p>\t\t\t\t\t\t<\/div>\n\t\t\t\t<\/div>\n\t\t\t\t\t<\/div>\n\t\t<\/div>\n\t\t\t\t\t\t\t<\/div>\n\t\t<\/section>\n\t\t\t\t<section class=\"elementor-section elementor-top-section elementor-element elementor-element-3a0ad1c elementor-section-boxed elementor-section-height-default elementor-section-height-default\" data-id=\"3a0ad1c\" data-element_type=\"section\">\n\t\t\t\t\t\t<div class=\"elementor-container elementor-column-gap-default\">\n\t\t\t\t\t<div class=\"elementor-column elementor-col-100 elementor-top-column elementor-element elementor-element-44f292b\" data-id=\"44f292b\" data-element_type=\"column\">\n\t\t\t<div class=\"elementor-widget-wrap elementor-element-populated\">\n\t\t\t\t\t\t\t\t<div class=\"elementor-element elementor-element-aeb175a elementor-widget elementor-widget-spacer\" data-id=\"aeb175a\" data-element_type=\"widget\" data-widget_type=\"spacer.default\">\n\t\t\t\t<div class=\"elementor-widget-container\">\n\t\t\t\t\t<div class=\"elementor-spacer\">\n\t\t\t<div class=\"elementor-spacer-inner\"><\/div>\n\t\t<\/div>\n\t\t\t\t<\/div>\n\t\t\t\t<\/div>\n\t\t\t\t\t<\/div>\n\t\t<\/div>\n\t\t\t\t\t\t\t<\/div>\n\t\t<\/section>\n\t\t\t\t\t\t\t<\/div>\n\t\t","protected":false},"excerpt":{"rendered":"<p>C\u00f3mo cambiar la contrase\u00f1a de nuestros hijos e hijas Educa es el sistema inform\u00e1tico del Departamento de Educaci\u00f3n para la gesti\u00f3n de la informaci\u00f3n escolar.&nbsp;En el supuesto de que tengan un problema t\u00e9cnico deben ponerse en contacto con el CAU de Educa llamando al 848 42 50 50. Cambio de contrase\u00f1as https:\/\/youtu.be\/2o8o_o5ZwbA Educa es el [&hellip;]<\/p>\n","protected":false},"author":3,"featured_media":0,"parent":0,"menu_order":0,"comment_status":"closed","ping_status":"closed","template":"elementor_header_footer","meta":{"_genesis_hide_title":false,"_genesis_hide_breadcrumbs":false,"_genesis_hide_singular_image":false,"_genesis_hide_footer_widgets":false,"_genesis_custom_body_class":"","_genesis_custom_post_class":"","_genesis_layout":"full-width-content","jetpack_post_was_ever_published":false,"footnotes":""},"jetpack_sharing_enabled":false,"jetpack_likes_enabled":false,"_links":{"self":[{"href":"https:\/\/cppaderborn.educacion.navarra.es\/web\/wp-json\/wp\/v2\/pages\/7293"}],"collection":[{"href":"https:\/\/cppaderborn.educacion.navarra.es\/web\/wp-json\/wp\/v2\/pages"}],"about":[{"href":"https:\/\/cppaderborn.educacion.navarra.es\/web\/wp-json\/wp\/v2\/types\/page"}],"author":[{"embeddable":true,"href":"https:\/\/cppaderborn.educacion.navarra.es\/web\/wp-json\/wp\/v2\/users\/3"}],"replies":[{"embeddable":true,"href":"https:\/\/cppaderborn.educacion.navarra.es\/web\/wp-json\/wp\/v2\/comments?post=7293"}],"version-history":[{"count":5,"href":"https:\/\/cppaderborn.educacion.navarra.es\/web\/wp-json\/wp\/v2\/pages\/7293\/revisions"}],"predecessor-version":[{"id":7298,"href":"https:\/\/cppaderborn.educacion.navarra.es\/web\/wp-json\/wp\/v2\/pages\/7293\/revisions\/7298"}],"wp:attachment":[{"href":"https:\/\/cppaderborn.educacion.navarra.es\/web\/wp-json\/wp\/v2\/media?parent=7293"}],"curies":[{"name":"wp","href":"https:\/\/api.w.org\/{rel}","templated":true}]}}